{"id":763,"date":"2025-10-03T14:32:18","date_gmt":"2025-10-03T12:32:18","guid":{"rendered":"https:\/\/new.webaria.ch\/?page_id=763"},"modified":"2025-12-05T12:16:13","modified_gmt":"2025-12-05T11:16:13","slug":"occasions","status":"publish","type":"page","link":"https:\/\/www.webaria.ch\/fr\/occasions\/","title":{"rendered":"Occasions"},"content":{"rendered":"<style>.wp-block-kadence-advancedheading.kt-adv-heading763_46db75-99, .wp-block-kadence-advancedheading.kt-adv-heading763_46db75-99[data-kb-block=\"kb-adv-heading763_46db75-99\"]{font-style:normal;}.wp-block-kadence-advancedheading.kt-adv-heading763_46db75-99 mark.kt-highlight, .wp-block-kadence-advancedheading.kt-adv-heading763_46db75-99[data-kb-block=\"kb-adv-heading763_46db75-99\"] mark.kt-highlight{font-style:normal;color:#f76a0c;-webkit-box-decoration-break:clone;box-decoration-break:clone;padding-top:0px;padding-right:0px;padding-bottom:0px;padding-left:0px;}.wp-block-kadence-advancedheading.kt-adv-heading763_46db75-99 img.kb-inline-image, .wp-block-kadence-advancedheading.kt-adv-heading763_46db75-99[data-kb-block=\"kb-adv-heading763_46db75-99\"] img.kb-inline-image{width:150px;vertical-align:baseline;}<\/style>\n<p class=\"kt-adv-heading763_46db75-99 wp-block-kadence-advancedheading\" data-kb-block=\"kb-adv-heading763_46db75-99\">Avec nos machines d&rsquo;occasion soigneusement r\u00e9vis\u00e9es et \u00e0 des prix \u00e9quitables, vous b\u00e9n\u00e9ficiez non seulement d&rsquo;une solution durable et imm\u00e9diatement disponible, mais misez aussi sur la long\u00e9vit\u00e9 et l&rsquo;efficacit\u00e9. Nous reprenons \u00e9galement volontiers votre machine d&rsquo;occasion pour la revendre. Ensemble, nous prolongeons le cycle de vie des machines et contribuons ainsi activement \u00e0 la durabilit\u00e9.&nbsp;<\/p>\n\n\n\n<div class=\"wp-block-group has-theme-palette-7-color has-theme-palette-1-background-color has-text-color has-background has-link-color wp-elements-1d2e7a59434c4dd00007c1f28fe0a462\"><div class=\"wp-block-group__inner-container is-layout-constrained wp-block-group-is-layout-constrained\"><style>.wp-block-kadence-advancedheading.kt-adv-heading763_28ba4a-51, .wp-block-kadence-advancedheading.kt-adv-heading763_28ba4a-51[data-kb-block=\"kb-adv-heading763_28ba4a-51\"]{text-align:center;font-size:var(--global-kb-font-size-md, 1.25rem);font-style:normal;}.wp-block-kadence-advancedheading.kt-adv-heading763_28ba4a-51 mark.kt-highlight, .wp-block-kadence-advancedheading.kt-adv-heading763_28ba4a-51[data-kb-block=\"kb-adv-heading763_28ba4a-51\"] mark.kt-highlight{font-style:normal;color:#f76a0c;-webkit-box-decoration-break:clone;box-decoration-break:clone;padding-top:0px;padding-right:0px;padding-bottom:0px;padding-left:0px;}.wp-block-kadence-advancedheading.kt-adv-heading763_28ba4a-51 img.kb-inline-image, .wp-block-kadence-advancedheading.kt-adv-heading763_28ba4a-51[data-kb-block=\"kb-adv-heading763_28ba4a-51\"] img.kb-inline-image{width:150px;vertical-align:baseline;}<\/style>\n<p class=\"kt-adv-heading763_28ba4a-51 wp-block-kadence-advancedheading\" data-kb-block=\"kb-adv-heading763_28ba4a-51\"><strong>Visitez le site allemand pour d\u00e9couvrir nos occasions<\/strong><\/p>\n\n\n<style>html[dir=\"rtl\"] .wpml-language-switcher-block .wpml-ls-dropdown ul li.wp-block-navigation-submenu .wp-block-navigation-submenu__toggle img{margin-left:12px}html[dir=\"rtl\"] .wpml-language-switcher-block .wpml-ls-dropdown ul li.wp-block-navigation-submenu ul.isHorizontal li{text-align:right}html[dir=\"rtl\"] .wpml-language-switcher-block .wpml-ls-dropdown ul li.wp-block-navigation-submenu ul.isHorizontal li a img{margin-left:12px}.wpml-language-switcher-block{display:flex;box-sizing:border-box;width:100% !important}.wpml-language-switcher-block>.wp-block-navigation-item,.wpml-language-switcher-block>.wp-block-navigation-item>div{display:flex;width:100% !important}.wpml-language-switcher-block .wp-block-navigation__container{background:unset !important}.wpml-language-switcher-block .hide-arrow .wp-block-navigation__submenu-icon{display:none}.wpml-language-switcher-block .wpml-ls-dropdown .wp-block-navigation-submenu__toggle.wpml-ls-keyboard-focus ~ .wp-block-navigation__submenu-container,.wpml-language-switcher-block .wpml-ls-dropdown li.open-on-hover-click .wp-block-navigation-submenu__toggle:focus ~ .wp-block-navigation__submenu-container,.wpml-language-switcher-block .wpml-ls-dropdown li.open-on-hover-click .wp-block-navigation-submenu__toggle:focus-within ~ .wp-block-navigation__submenu-container,.wpml-language-switcher-block .wpml-ls-dropdown li.open-on-hover-click:focus-within>.wp-block-navigation__submenu-container{visibility:visible;opacity:1;display:block;overflow:visible}.wpml-language-switcher-block .wpml-ls-dropdown ul li button{padding:0}.wpml-language-switcher-block .wpml-ls-dropdown ul li button+.isHorizontal{min-width:inherit !important}.wpml-language-switcher-block .wpml-ls-dropdown ul li button+.isHorizontal li{width:inherit !important}.wpml-language-switcher-block .wpml-ls-dropdown ul li button+.isHorizontal li a{display:flex;align-items:center;min-width:max-content}.wpml-language-switcher-block .wpml-ls-dropdown ul li.wp-block-navigation-submenu ul.isHorizontal{margin:0;min-width:inherit !important}.wpml-language-switcher-block .wpml-ls-dropdown ul li.wp-block-navigation-submenu ul.isHorizontal li{width:inherit !important;text-align:left}.wpml-language-switcher-block .wpml-ls-dropdown ul li.wp-block-navigation-submenu ul.isHorizontal li a{display:flex;align-items:center;min-width:max-content}.wpml-language-switcher-block ul{list-style-type:none !important;padding:0 !important;width:100%}.wpml-language-switcher-block ul li{margin:0}.wpml-language-switcher-block ul li>a.wp-block-navigation-item__content:focus{outline:1px solid #2F7D92}.wpml-language-switcher-block ul li.is-focused{outline:1px solid #2F7D92}.wpml-language-switcher-block ul.wp-block-navigation__submenu-container{border:inherit !important;background-color:unset !important;min-width:unset !important}.wpml-language-switcher-block ul.wp-block-navigation__submenu-container .wp-block-navigation-item{border-radius:0 !important}.wpml-language-switcher-block ul.wp-block-navigation__submenu-container .wp-block-navigation-item a{display:flex;align-items:center;min-width:max-content;padding:1px}.wpml-language-switcher-block ul.horizontal-list{display:flex;flex-direction:row;align-items:center;justify-content:flex-start;margin:0 !important;gap:1em !important}.wpml-language-switcher-block ul.horizontal-list li{display:inline-block;margin:0;line-height:100%}.wpml-language-switcher-block ul.horizontal-list li a{line-height:100%}.wpml-language-switcher-block ul.center-justify{justify-content:center}.wpml-language-switcher-block ul.center-justify .wp-block-navigation-item{justify-content:center}.wpml-language-switcher-block ul.right-justify{justify-content:right}.wpml-language-switcher-block ul.right-justify .wp-block-navigation-item{justify-content:right}.wpml-language-switcher-block ul.space_between-justify{justify-content:space-between}.wpml-language-switcher-block ul.space_between-justify li>div{white-space:nowrap}.wpml-language-switcher-block .hasHoverColor:hover{color:var(--hover-color) !important}.wpml-language-switcher-block .hasHoverBackgroundColor:hover{background-color:var(--hover-background-color) !important}.wpml-language-switcher-block ul.isHorizontal{padding-left:0;list-style:none}.wpml-language-switcher-block ul.isHorizontal li{display:inline;margin-left:0}.wpml-language-switcher-block ul.isHorizontal li div{display:inline-block}.wpml-language-switcher-block ul.hasSpacing.isHorizontal li:not(:last-child){margin-right:var(--language-spacing) !important}.wpml-language-switcher-block ul.hasSpacing.isVertical li:not(:last-child){margin-bottom:var(--language-spacing) !important}.wpml-language-switcher-block ul.hasSpacing.isVertical .wp-block-navigation-item>div,.wpml-language-switcher-block ul.hasSpacing.isVertical .wp-block-navigation-item>div>a{display:inline-flex;align-items:center}.wpml-language-switcher-block .hasHoverColor:hover{color:var(--hover-color) !important}.wpml-language-switcher-block .hasHoverBackgroundColor:hover{background-color:var(--hover-background-color) !important}.wpml-language-switcher-block .hasFontSize{font-size:var(--font-size) !important}.wpml-language-switcher-block .hasLetterSpacing{letter-spacing:var(--letter-spacing) !important}.wpml-language-switcher-block .hasTextTransform{text-transform:var(--text-transform) !important}.wpml-language-switcher-block .hasFontFamily{font-family:var(--font-family) !important}.wpml-ls-flag{display:inline-block}.wpml-ls-flag-style-btn{border:0px transparent;padding-top:3px !important}.wpml-ls-flag-style-btn.black-bg{background-color:black}.wpml-ls-flag-style-btn.transparent-bg{background-color:transparent}.wpml-ls-control-row{border:solid 1px #949494;border-radius:2px;margin-bottom:8px}.wpml-ls-control-row-with-padding{padding:1px}.wpml-ls-number-control{max-width:100%;width:100%}.wpml-ls-slider-control-alert{margin-top:5px !important}.wpml-ls-slider .ant-slider-track{background-color:#3858E9}.wpml-ls-slider .ant-slider-handle{border:solid 1px black}.wpml-ls-control-blue{color:#2F7D92}.wpml-ls-number-with-unit-select select{color:#2F7D92;font-weight:700}.wpml-ls-control-grey{color:#757575}.wpml-ls-control-bg-grey{background-color:#a6a6a6}.wpml-ls-control-font{font-family:\"SF Pro Text\", sans-serif;font-style:normal;font-weight:400 !important;font-size:13px !important;line-height:140% !important}.wpml-ls-option-btn-col{padding:0.5px}.wpml-ls-no-borders{border:none}.ant-col-8.wpml-ls-option-btn-col{display:inline-flex}.wpml-ls-three-btn-row .wpml-ls-option-btn-wrap{padding-top:8px;padding-bottom:8px;white-space:normal;word-break:break-word}.wpml-ls-three-btn-row .ant-btn-no-height-less-padding{height:unset;padding-right:10px;padding-left:10px}.wpml-ls-full-width{width:100%}.wpml-ls-toggle-control .components-form-toggle.is-checked>.components-form-toggle__track{background-color:#2F7D92;border-color:#2F7D92}.wpml-ls-toggle-control .components-form-toggle.is-checked>.components-form-toggle__thumb{background-color:white}.wpml-ls-toggle-control .components-form-toggle>.components-form-toggle__track{background-color:white;border-color:#373737}.wpml-ls-toggle-control .components-form-toggle>.components-form-toggle__thumb{background-color:#373737}.ant-select-dropdown{min-width:45px !important;max-width:45px !important;width:45px !important}.wpml-ls-color-control{border:1px solid #DDDDDD;border-bottom:0px;padding:10px;box-sizing:border-box}.wpml-ls-color-control.wpml-ls-with-bottom-border{border-bottom:1px solid #DDDDDD}.wpml-ls-color-control .wpml-ls-icon-no-color:hover{cursor:pointer}.wpml-ls-color-control .component-color-indicator{width:25px;height:25px;box-shadow:0px 0px 2px 1px lightgrey}.wpml-ls-color-control .component-color-indicator:hover{cursor:pointer}.wpml-ls-color-control .wpml-ls-color-title{top:3px}.wpml-ls-dimension-control{border-top:solid 1px #e0e0e0}.wpml-ls-dimension-control .components-panel__arrow{visibility:hidden}.wpml-ls-panel-settings-dropdown-container{position:absolute;right:0px}.wpml-ls-icon-link{width:24px;height:24px;top:3px;border-radius:2px}.ant-input-number-handler-wrap{display:none !important}.ant-input-number-input{padding-right:0px !important;padding-left:3px !important}.block-editor-contrast-checker+.block-editor-contrast-checker{display:none}.current-language-item{display:flex;align-items:center;min-height:30px}.current-language-item .wp-block-navigation-item__content>div{display:flex;align-items:center}.wpml-ls-fontLetterCase-control button.components-button.has-icon{margin-right:0 !important;min-width:30px !important;height:30px !important}.wpml-ls-fontLetterSpacing-control div.components-input-control__container{top:4px}[data-wpml='language-item']:first-of-type{margin-top:5px !important}.wpml-ls-dimension-panel .components-panel__arrow{display:none}.wpml-ls-typography-panel .components-panel__arrow{display:none}.wpml-ls-panel-settings-dropdown-container>div>button>span.anticon-more{font-size:large;margin-right:10px}.wpml-ls-panel-settings-dropdown-container>div>button>span.anticon-plus{font-size:medium;margin-right:10px}.wpml-ls-color-panel .wpml-ls-color-panel-wrap button.components-button:focus{outline:2px solid #2F7D92;color:#2F7D92}.wpml-ls-color-panel .wpml-ls-color-panel-wrap button.components-button:hover{color:#2F7D92 !important}.wpml-ls-option-btn-wrap:focus{outline:4px solid #2F7D92}.wpml-ls-option-btn-wrap:hover:not(.wpml-ls-option-btn-wrap[data-selected=\"true\"]){outline:2px solid #2F7D92;color:#2F7D92 !important}.wpml-ls-toggle-control .components-toggle-control__label:hover{color:#2F7D92}.components-input-control__container:hover .components-input-control__backdrop{border-color:#2F7D92 !important}input.components-input-control__input:focus ~ .components-input-control__backdrop{outline:2px solid #2F7D92 !important}.components-toggle-group-control[role=\"radiogroup\"]:hover{border-color:#2F7D92}.components-toggle-group-control[role=\"radiogroup\"] .components-toggle-group-control-option-base[role=\"radio\"]:hover{color:#2F7D92}.components-toggle-group-control[role=\"radiogroup\"] .components-toggle-group-control-option-base[role=\"radio\"]:focus{color:#2F7D92;outline:2px solid #2F7D92}.ant-slider .ant-slider-handle:not(.ant-tooltip-open){background-color:#2F7D92 !important;border-color:#373737}.ant-slider:hover .ant-slider-handle:not(.ant-tooltip-open),.ant-slider .ant-slider-handle:focus{background-color:#373737 !important;border-color:#2F7D92}.wpml-ls-typography-panel .components-panel__body .ant-col{margin-bottom:12px}.wpml-ls-fontSize-control div[aria-label=\"Font size\"]{margin-bottom:12px}.wpml-ls-fontSize-control .wpml-ls-fontLetterSpacing-control{display:grid;place-items:center;align-self:center}\n\n<\/style><div id=\"\" class=\"wpml-language-switcher-block is-layout-flex is-responsive has-child-selected wp-block-navigation\"><div class=\"block-editor-block-list__block wp-block wp-block-navigation-item has-link has-child wp-block-navigation-submenu\"><div id=\"\" class=\"\"><ul class=\"horizontal-list center-justify hasSpacing isHorizontal\" style=\"--language-spacing:16px;flex-wrap:nowrap\" data-is-drop-zone=\"true\"><li class=\"wp-block-navigation-item \" data-wpml=\"current-language-item\"><div><img loading=\"lazy\" decoding=\"async\" alt=\"wpml-ls-flag\" class=\"wpml-ls-flag\" src=\"https:\/\/www.webaria.ch\/wp-content\/plugins\/sitepress-multilingual-cms\/res\/flags\/fr.svg\" style=\"margin-right:4px;width:36px;height:24px;border-radius:0%;object-fit:unset\" size=\"24\" width=\"24\" height=\"24\" data-wpml=\"flag-url\"><span style=\"--font-size:18px\" data-wpml=\"label\" data-wpml-label-type=\"native\" class=\"wp-block-navigation-item__label  hasFontSize\">Fran&ccedil;ais<\/span><\/div><\/li><li class=\"wp-block-navigation-item \" data-wpml=\"language-item\"><div><a class=\"wp-block-navigation-item__content\" style=\"--font-size:18px\" data-wpml=\"link\" href=\"https:\/\/www.webaria.ch\/\" aria-label=\"Passer &agrave; Deutsch\"><img loading=\"lazy\" decoding=\"async\" alt=\"wpml-ls-flag\" class=\"wpml-ls-flag\" src=\"https:\/\/www.webaria.ch\/wp-content\/plugins\/sitepress-multilingual-cms\/res\/flags\/de.svg\" style=\"margin-right:4px;width:36px;height:24px;border-radius:0%;object-fit:unset\" size=\"24\" width=\"24\" height=\"24\" data-wpml=\"flag-url\"><span style=\"--font-size:18px\" data-wpml=\"label\" data-wpml-label-type=\"native\" class=\"wp-block-navigation-item__label  hasFontSize\">Deutsch<\/span><\/a><\/div><\/li><\/ul><\/div><\/div><\/div>\n<\/div><\/div>\n","protected":false},"excerpt":{"rendered":"<p>Avec nos machines d&rsquo;occasion soigneusement r\u00e9vis\u00e9es et \u00e0 des prix \u00e9quitables, vous b\u00e9n\u00e9ficiez non seulement d&rsquo;une solution durable et imm\u00e9diatement disponible, mais misez aussi sur la long\u00e9vit\u00e9 et l&rsquo;efficacit\u00e9. Nous reprenons \u00e9galement volontiers votre machine d&rsquo;occasion pour la revendre. Ensemble, nous prolongeons le cycle de vie des machines et contribuons ainsi activement \u00e0 la durabilit\u00e9.&nbsp;&#8230;<\/p>\n","protected":false},"author":1,"featured_media":0,"parent":0,"menu_order":30,"comment_status":"closed","ping_status":"closed","template":"","meta":{"_kad_post_transparent":"","_kad_post_title":"","_kad_post_layout":"","_kad_post_sidebar_id":"","_kad_post_content_style":"","_kad_post_vertical_padding":"","_kad_post_feature":"","_kad_post_feature_position":"","_kad_post_header":false,"_kad_post_footer":false,"_kad_post_classname":"","footnotes":""},"class_list":["post-763","page","type-page","status-publish","hentry"],"yoast_head":"<!-- This site is optimized with the Yoast SEO plugin v27.2 - https:\/\/yoast.com\/product\/yoast-seo-wordpress\/ -->\n<title>Occasions techniques de gestion des d\u00e9chets \u2013 machines contr\u00f4l\u00e9es | Webaria AG<\/title>\n<meta name=\"description\" content=\"Occasions durables \u2013 conteneurs de compactage, presses \u00e0 balles et machines de recyclage contr\u00f4l\u00e9s. Disponibles imm\u00e9diatement, \u00e0 un prix raisonnable, avec service et pi\u00e8ces de rechange.\" \/>\n<meta name=\"robots\" content=\"index, follow, max-snippet:-1, max-image-preview:large, max-video-preview:-1\" \/>\n<link rel=\"canonical\" href=\"https:\/\/www.webaria.ch\/fr\/occasions\/\" \/>\n<meta property=\"og:locale\" content=\"fr_FR\" \/>\n<meta property=\"og:type\" content=\"article\" \/>\n<meta property=\"og:title\" content=\"Occasions techniques de gestion des d\u00e9chets \u2013 machines contr\u00f4l\u00e9es | Webaria AG\" \/>\n<meta property=\"og:description\" content=\"Occasions durables \u2013 conteneurs de compactage, presses \u00e0 balles et machines de recyclage contr\u00f4l\u00e9s. Disponibles imm\u00e9diatement, \u00e0 un prix raisonnable, avec service et pi\u00e8ces de rechange.\" \/>\n<meta property=\"og:url\" content=\"https:\/\/www.webaria.ch\/fr\/occasions\/\" \/>\n<meta property=\"og:site_name\" content=\"Webaria AG\" \/>\n<meta property=\"article:modified_time\" content=\"2025-12-05T11:16:13+00:00\" \/>\n<meta name=\"twitter:card\" content=\"summary_large_image\" \/>\n<meta name=\"twitter:label1\" content=\"Dur\u00e9e de lecture estim\u00e9e\" \/>\n\t<meta name=\"twitter:data1\" content=\"1 minute\" \/>\n<script type=\"application\/ld+json\" class=\"yoast-schema-graph\">{\"@context\":\"https:\/\/schema.org\",\"@graph\":[{\"@type\":\"WebPage\",\"@id\":\"https:\/\/www.webaria.ch\/fr\/occasions\/\",\"url\":\"https:\/\/www.webaria.ch\/fr\/occasions\/\",\"name\":\"Occasions techniques de gestion des d\u00e9chets \u2013 machines contr\u00f4l\u00e9es | Webaria AG\",\"isPartOf\":{\"@id\":\"https:\/\/www.webaria.ch\/fr\/#website\"},\"datePublished\":\"2025-10-03T12:32:18+00:00\",\"dateModified\":\"2025-12-05T11:16:13+00:00\",\"description\":\"Occasions durables \u2013 conteneurs de compactage, presses \u00e0 balles et machines de recyclage contr\u00f4l\u00e9s. Disponibles imm\u00e9diatement, \u00e0 un prix raisonnable, avec service et pi\u00e8ces de rechange.\",\"breadcrumb\":{\"@id\":\"https:\/\/www.webaria.ch\/fr\/occasions\/#breadcrumb\"},\"inLanguage\":\"fr-FR\",\"potentialAction\":[{\"@type\":\"ReadAction\",\"target\":[\"https:\/\/www.webaria.ch\/fr\/occasions\/\"]}]},{\"@type\":\"BreadcrumbList\",\"@id\":\"https:\/\/www.webaria.ch\/fr\/occasions\/#breadcrumb\",\"itemListElement\":[{\"@type\":\"ListItem\",\"position\":1,\"name\":\"Startseite\",\"item\":\"https:\/\/www.webaria.ch\/fr\/\"},{\"@type\":\"ListItem\",\"position\":2,\"name\":\"Occasions\"}]},{\"@type\":\"WebSite\",\"@id\":\"https:\/\/www.webaria.ch\/fr\/#website\",\"url\":\"https:\/\/www.webaria.ch\/fr\/\",\"name\":\"Webaria \u2013 effiziente und zuverl\u00e4ssige Entsorgungstechnik\",\"description\":\"Ihr Partner f\u00fcr effiziente und zuverl\u00e4ssige Entsorgungstechnik\",\"publisher\":{\"@id\":\"https:\/\/www.webaria.ch\/fr\/#organization\"},\"potentialAction\":[{\"@type\":\"SearchAction\",\"target\":{\"@type\":\"EntryPoint\",\"urlTemplate\":\"https:\/\/www.webaria.ch\/fr\/?s={search_term_string}\"},\"query-input\":{\"@type\":\"PropertyValueSpecification\",\"valueRequired\":true,\"valueName\":\"search_term_string\"}}],\"inLanguage\":\"fr-FR\"},{\"@type\":\"Organization\",\"@id\":\"https:\/\/www.webaria.ch\/fr\/#organization\",\"name\":\"Webaria AG\",\"url\":\"https:\/\/www.webaria.ch\/fr\/\",\"logo\":{\"@type\":\"ImageObject\",\"inLanguage\":\"fr-FR\",\"@id\":\"https:\/\/www.webaria.ch\/fr\/#\/schema\/logo\/image\/\",\"url\":\"https:\/\/new.webaria.ch\/wp-content\/uploads\/2025\/10\/Webaria_Logo.png\",\"contentUrl\":\"https:\/\/new.webaria.ch\/wp-content\/uploads\/2025\/10\/Webaria_Logo.png\",\"width\":2500,\"height\":794,\"caption\":\"Webaria AG\"},\"image\":{\"@id\":\"https:\/\/www.webaria.ch\/fr\/#\/schema\/logo\/image\/\"}}]}<\/script>\n<!-- \/ Yoast SEO plugin. -->","yoast_head_json":{"title":"Occasions techniques de gestion des d\u00e9chets \u2013 machines contr\u00f4l\u00e9es | Webaria AG","description":"Occasions durables \u2013 conteneurs de compactage, presses \u00e0 balles et machines de recyclage contr\u00f4l\u00e9s. Disponibles imm\u00e9diatement, \u00e0 un prix raisonnable, avec service et pi\u00e8ces de rechange.","robots":{"index":"index","follow":"follow","max-snippet":"max-snippet:-1","max-image-preview":"max-image-preview:large","max-video-preview":"max-video-preview:-1"},"canonical":"https:\/\/www.webaria.ch\/fr\/occasions\/","og_locale":"fr_FR","og_type":"article","og_title":"Occasions techniques de gestion des d\u00e9chets \u2013 machines contr\u00f4l\u00e9es | Webaria AG","og_description":"Occasions durables \u2013 conteneurs de compactage, presses \u00e0 balles et machines de recyclage contr\u00f4l\u00e9s. Disponibles imm\u00e9diatement, \u00e0 un prix raisonnable, avec service et pi\u00e8ces de rechange.","og_url":"https:\/\/www.webaria.ch\/fr\/occasions\/","og_site_name":"Webaria AG","article_modified_time":"2025-12-05T11:16:13+00:00","twitter_card":"summary_large_image","twitter_misc":{"Dur\u00e9e de lecture estim\u00e9e":"1 minute"},"schema":{"@context":"https:\/\/schema.org","@graph":[{"@type":"WebPage","@id":"https:\/\/www.webaria.ch\/fr\/occasions\/","url":"https:\/\/www.webaria.ch\/fr\/occasions\/","name":"Occasions techniques de gestion des d\u00e9chets \u2013 machines contr\u00f4l\u00e9es | Webaria AG","isPartOf":{"@id":"https:\/\/www.webaria.ch\/fr\/#website"},"datePublished":"2025-10-03T12:32:18+00:00","dateModified":"2025-12-05T11:16:13+00:00","description":"Occasions durables \u2013 conteneurs de compactage, presses \u00e0 balles et machines de recyclage contr\u00f4l\u00e9s. Disponibles imm\u00e9diatement, \u00e0 un prix raisonnable, avec service et pi\u00e8ces de rechange.","breadcrumb":{"@id":"https:\/\/www.webaria.ch\/fr\/occasions\/#breadcrumb"},"inLanguage":"fr-FR","potentialAction":[{"@type":"ReadAction","target":["https:\/\/www.webaria.ch\/fr\/occasions\/"]}]},{"@type":"BreadcrumbList","@id":"https:\/\/www.webaria.ch\/fr\/occasions\/#breadcrumb","itemListElement":[{"@type":"ListItem","position":1,"name":"Startseite","item":"https:\/\/www.webaria.ch\/fr\/"},{"@type":"ListItem","position":2,"name":"Occasions"}]},{"@type":"WebSite","@id":"https:\/\/www.webaria.ch\/fr\/#website","url":"https:\/\/www.webaria.ch\/fr\/","name":"Webaria \u2013 effiziente und zuverl\u00e4ssige Entsorgungstechnik","description":"Ihr Partner f\u00fcr effiziente und zuverl\u00e4ssige Entsorgungstechnik","publisher":{"@id":"https:\/\/www.webaria.ch\/fr\/#organization"},"potentialAction":[{"@type":"SearchAction","target":{"@type":"EntryPoint","urlTemplate":"https:\/\/www.webaria.ch\/fr\/?s={search_term_string}"},"query-input":{"@type":"PropertyValueSpecification","valueRequired":true,"valueName":"search_term_string"}}],"inLanguage":"fr-FR"},{"@type":"Organization","@id":"https:\/\/www.webaria.ch\/fr\/#organization","name":"Webaria AG","url":"https:\/\/www.webaria.ch\/fr\/","logo":{"@type":"ImageObject","inLanguage":"fr-FR","@id":"https:\/\/www.webaria.ch\/fr\/#\/schema\/logo\/image\/","url":"https:\/\/new.webaria.ch\/wp-content\/uploads\/2025\/10\/Webaria_Logo.png","contentUrl":"https:\/\/new.webaria.ch\/wp-content\/uploads\/2025\/10\/Webaria_Logo.png","width":2500,"height":794,"caption":"Webaria AG"},"image":{"@id":"https:\/\/www.webaria.ch\/fr\/#\/schema\/logo\/image\/"}}]}},"_links":{"self":[{"href":"https:\/\/www.webaria.ch\/fr\/wp-json\/wp\/v2\/pages\/763","targetHints":{"allow":["GET"]}}],"collection":[{"href":"https:\/\/www.webaria.ch\/fr\/wp-json\/wp\/v2\/pages"}],"about":[{"href":"https:\/\/www.webaria.ch\/fr\/wp-json\/wp\/v2\/types\/page"}],"author":[{"embeddable":true,"href":"https:\/\/www.webaria.ch\/fr\/wp-json\/wp\/v2\/users\/1"}],"replies":[{"embeddable":true,"href":"https:\/\/www.webaria.ch\/fr\/wp-json\/wp\/v2\/comments?post=763"}],"version-history":[{"count":34,"href":"https:\/\/www.webaria.ch\/fr\/wp-json\/wp\/v2\/pages\/763\/revisions"}],"predecessor-version":[{"id":2018,"href":"https:\/\/www.webaria.ch\/fr\/wp-json\/wp\/v2\/pages\/763\/revisions\/2018"}],"wp:attachment":[{"href":"https:\/\/www.webaria.ch\/fr\/wp-json\/wp\/v2\/media?parent=763"}],"curies":[{"name":"wp","href":"https:\/\/api.w.org\/{rel}","templated":true}]}}