{"id":1703,"date":"2025-10-07T15:39:03","date_gmt":"2025-10-07T13:39:03","guid":{"rendered":"https:\/\/new.webaria.ch\/?page_id=1703"},"modified":"2025-12-02T15:16:05","modified_gmt":"2025-12-02T14:16:05","slug":"mentions-legales","status":"publish","type":"page","link":"https:\/\/www.webaria.ch\/fr\/mentions-legales\/","title":{"rendered":"Mentions l\u00e9gales\u00a0"},"content":{"rendered":"\n<p><strong>Webaria AG<\/strong><br>Primelweg 5<br>6405 Immensee, Suisse<\/p>\n\n\n\n<p><strong>T\u00e9l\u00e9phone\u00a0:<\/strong>\u00a0<a href=\"tel:\/\/+41%2044%20741%2044%2055\">+41 44 741 44 55<\/a><br><strong>E-mail\u00a0:<\/strong>\u00a0<a class=\"\" href=\"mailto:info@webaria.ch\">info@webaria.ch<\/a><br><strong>Site web\u00a0:<\/strong>\u00a0<a class=\"\" href=\"https:\/\/www.webaria.ch\/\">https:\/\/www.webaria.ch<\/a><\/p>\n\n\n\n<p><strong>Repr\u00e9sentant l\u00e9gal<\/strong> <strong>:<\/strong>\u00a0Lukas Markusich<br><strong>Forme juridique<\/strong> <strong>:<\/strong>\u00a0Soci\u00e9t\u00e9 Anonyme<br><strong>Num\u00e9ro d&rsquo;enregistrement au registre du commerce :\u00a0<\/strong>CH-020.3.928.588-7<br><strong>N\u00b0 TVA :\u00a0<\/strong>CHE-107.811.678<\/p>\n\n\n\n<p><strong>Droits d&rsquo;auteur :<\/strong><br>L&rsquo;ensemble du contenu et la conception du site Internet de Webaria AG sont prot\u00e9g\u00e9s par le droit d&rsquo;auteur. Toute modification, reproduction, diffusion ou exploitation du contenu ou de la conception est interdite. Toute violation des droits d&rsquo;auteur de Webaria AG entra\u00eenera des poursuites civiles et p\u00e9nales.<\/p>\n\n\n\n<p><strong>Clause de non-responsabilit\u00e9\u00a0:<\/strong><br>Bien que nous veillions avec le plus grand soin \u00e0 l&rsquo;exactitude et \u00e0 l&rsquo;actualit\u00e9 des informations publi\u00e9es, nous ne pouvons garantir l&rsquo;exactitude, l&rsquo;actualit\u00e9 et l&rsquo;exhaustivit\u00e9 des informations.<br>Toutes les offres sont sans engagement. Webaria AG se r\u00e9serve express\u00e9ment le droit de modifier, compl\u00e9ter ou supprimer tout ou partie des pages ou de l&rsquo;offre sans pr\u00e9avis, ou d&rsquo;en suspendre temporairement ou d\u00e9finitivement la publication.<\/p>\n\n\n\n<p><strong>Responsabilit\u00e9 relative aux liens\u00a0:<\/strong><br>Les renvois et liens vers des sites web tiers ne rel\u00e8vent pas de notre responsabilit\u00e9. Nous d\u00e9clinons toute responsabilit\u00e9 pour ces sites web. L&rsquo;acc\u00e8s et l&rsquo;utilisation de ces sites web se font aux risques et p\u00e9rils de l&rsquo;utilisateur ou de l&rsquo;utilisatrice.<\/p>\n","protected":false},"excerpt":{"rendered":"<p>Webaria AGPrimelweg 56405 Immensee, Suisse T\u00e9l\u00e9phone\u00a0:\u00a0+41 44 741 44 55E-mail\u00a0:\u00a0info@webaria.chSite web\u00a0:\u00a0https:\/\/www.webaria.ch Repr\u00e9sentant l\u00e9gal :\u00a0Lukas MarkusichForme juridique :\u00a0Soci\u00e9t\u00e9 AnonymeNum\u00e9ro d&rsquo;enregistrement au registre du commerce :\u00a0CH-020.3.928.588-7N\u00b0 TVA :\u00a0CHE-107.811.678 Droits d&rsquo;auteur :L&rsquo;ensemble du contenu et la conception du site Internet de Webaria AG sont prot\u00e9g\u00e9s par le droit d&rsquo;auteur. Toute modification, reproduction, diffusion ou exploitation du contenu ou&#8230;<\/p>\n","protected":false},"author":1,"featured_media":0,"parent":0,"menu_order":210,"comment_status":"closed","ping_status":"closed","template":"","meta":{"_kad_post_transparent":"","_kad_post_title":"","_kad_post_layout":"","_kad_post_sidebar_id":"","_kad_post_content_style":"","_kad_post_vertical_padding":"","_kad_post_feature":"","_kad_post_feature_position":"","_kad_post_header":false,"_kad_post_footer":false,"_kad_post_classname":"","footnotes":""},"class_list":["post-1703","page","type-page","status-publish","hentry"],"yoast_head":"<!-- This site is optimized with the Yoast SEO plugin v27.2 - https:\/\/yoast.com\/product\/yoast-seo-wordpress\/ -->\n<title>Mentions l\u00e9gales\u00a0 - Webaria AG<\/title>\n<meta name=\"robots\" content=\"index, follow, max-snippet:-1, max-image-preview:large, max-video-preview:-1\" \/>\n<link rel=\"canonical\" href=\"https:\/\/www.webaria.ch\/fr\/mentions-legales\/\" \/>\n<meta property=\"og:locale\" content=\"fr_FR\" \/>\n<meta property=\"og:type\" content=\"article\" \/>\n<meta property=\"og:title\" content=\"Mentions l\u00e9gales\u00a0 - Webaria AG\" \/>\n<meta property=\"og:description\" content=\"Webaria AGPrimelweg 56405 Immensee, Suisse T\u00e9l\u00e9phone\u00a0:\u00a0+41 44 741 44 55E-mail\u00a0:\u00a0info@webaria.chSite web\u00a0:\u00a0https:\/\/www.webaria.ch Repr\u00e9sentant l\u00e9gal :\u00a0Lukas MarkusichForme juridique :\u00a0Soci\u00e9t\u00e9 AnonymeNum\u00e9ro d&rsquo;enregistrement au registre du commerce :\u00a0CH-020.3.928.588-7N\u00b0 TVA :\u00a0CHE-107.811.678 Droits d&rsquo;auteur :L&rsquo;ensemble du contenu et la conception du site Internet de Webaria AG sont prot\u00e9g\u00e9s par le droit d&rsquo;auteur. Toute modification, reproduction, diffusion ou exploitation du contenu ou...\" \/>\n<meta property=\"og:url\" content=\"https:\/\/www.webaria.ch\/fr\/mentions-legales\/\" \/>\n<meta property=\"og:site_name\" content=\"Webaria AG\" \/>\n<meta property=\"article:modified_time\" content=\"2025-12-02T14:16:05+00:00\" \/>\n<meta name=\"twitter:card\" content=\"summary_large_image\" \/>\n<meta name=\"twitter:label1\" content=\"Dur\u00e9e de lecture estim\u00e9e\" \/>\n\t<meta name=\"twitter:data1\" content=\"2 minutes\" \/>\n<script type=\"application\/ld+json\" class=\"yoast-schema-graph\">{\"@context\":\"https:\/\/schema.org\",\"@graph\":[{\"@type\":\"WebPage\",\"@id\":\"https:\/\/www.webaria.ch\/fr\/mentions-legales\/\",\"url\":\"https:\/\/www.webaria.ch\/fr\/mentions-legales\/\",\"name\":\"Mentions l\u00e9gales\u00a0 - Webaria AG\",\"isPartOf\":{\"@id\":\"https:\/\/www.webaria.ch\/fr\/#website\"},\"datePublished\":\"2025-10-07T13:39:03+00:00\",\"dateModified\":\"2025-12-02T14:16:05+00:00\",\"breadcrumb\":{\"@id\":\"https:\/\/www.webaria.ch\/fr\/mentions-legales\/#breadcrumb\"},\"inLanguage\":\"fr-FR\",\"potentialAction\":[{\"@type\":\"ReadAction\",\"target\":[\"https:\/\/www.webaria.ch\/fr\/mentions-legales\/\"]}]},{\"@type\":\"BreadcrumbList\",\"@id\":\"https:\/\/www.webaria.ch\/fr\/mentions-legales\/#breadcrumb\",\"itemListElement\":[{\"@type\":\"ListItem\",\"position\":1,\"name\":\"Startseite\",\"item\":\"https:\/\/www.webaria.ch\/fr\/\"},{\"@type\":\"ListItem\",\"position\":2,\"name\":\"Mentions l\u00e9gales\u00a0\"}]},{\"@type\":\"WebSite\",\"@id\":\"https:\/\/www.webaria.ch\/fr\/#website\",\"url\":\"https:\/\/www.webaria.ch\/fr\/\",\"name\":\"Webaria \u2013 effiziente und zuverl\u00e4ssige Entsorgungstechnik\",\"description\":\"Ihr Partner f\u00fcr effiziente und zuverl\u00e4ssige Entsorgungstechnik\",\"publisher\":{\"@id\":\"https:\/\/www.webaria.ch\/fr\/#organization\"},\"potentialAction\":[{\"@type\":\"SearchAction\",\"target\":{\"@type\":\"EntryPoint\",\"urlTemplate\":\"https:\/\/www.webaria.ch\/fr\/?s={search_term_string}\"},\"query-input\":{\"@type\":\"PropertyValueSpecification\",\"valueRequired\":true,\"valueName\":\"search_term_string\"}}],\"inLanguage\":\"fr-FR\"},{\"@type\":\"Organization\",\"@id\":\"https:\/\/www.webaria.ch\/fr\/#organization\",\"name\":\"Webaria AG\",\"url\":\"https:\/\/www.webaria.ch\/fr\/\",\"logo\":{\"@type\":\"ImageObject\",\"inLanguage\":\"fr-FR\",\"@id\":\"https:\/\/www.webaria.ch\/fr\/#\/schema\/logo\/image\/\",\"url\":\"https:\/\/new.webaria.ch\/wp-content\/uploads\/2025\/10\/Webaria_Logo.png\",\"contentUrl\":\"https:\/\/new.webaria.ch\/wp-content\/uploads\/2025\/10\/Webaria_Logo.png\",\"width\":2500,\"height\":794,\"caption\":\"Webaria AG\"},\"image\":{\"@id\":\"https:\/\/www.webaria.ch\/fr\/#\/schema\/logo\/image\/\"}}]}<\/script>\n<!-- \/ Yoast SEO plugin. -->","yoast_head_json":{"title":"Mentions l\u00e9gales\u00a0 - Webaria AG","robots":{"index":"index","follow":"follow","max-snippet":"max-snippet:-1","max-image-preview":"max-image-preview:large","max-video-preview":"max-video-preview:-1"},"canonical":"https:\/\/www.webaria.ch\/fr\/mentions-legales\/","og_locale":"fr_FR","og_type":"article","og_title":"Mentions l\u00e9gales\u00a0 - Webaria AG","og_description":"Webaria AGPrimelweg 56405 Immensee, Suisse T\u00e9l\u00e9phone\u00a0:\u00a0+41 44 741 44 55E-mail\u00a0:\u00a0info@webaria.chSite web\u00a0:\u00a0https:\/\/www.webaria.ch Repr\u00e9sentant l\u00e9gal :\u00a0Lukas MarkusichForme juridique :\u00a0Soci\u00e9t\u00e9 AnonymeNum\u00e9ro d&rsquo;enregistrement au registre du commerce :\u00a0CH-020.3.928.588-7N\u00b0 TVA :\u00a0CHE-107.811.678 Droits d&rsquo;auteur :L&rsquo;ensemble du contenu et la conception du site Internet de Webaria AG sont prot\u00e9g\u00e9s par le droit d&rsquo;auteur. Toute modification, reproduction, diffusion ou exploitation du contenu ou...","og_url":"https:\/\/www.webaria.ch\/fr\/mentions-legales\/","og_site_name":"Webaria AG","article_modified_time":"2025-12-02T14:16:05+00:00","twitter_card":"summary_large_image","twitter_misc":{"Dur\u00e9e de lecture estim\u00e9e":"2 minutes"},"schema":{"@context":"https:\/\/schema.org","@graph":[{"@type":"WebPage","@id":"https:\/\/www.webaria.ch\/fr\/mentions-legales\/","url":"https:\/\/www.webaria.ch\/fr\/mentions-legales\/","name":"Mentions l\u00e9gales\u00a0 - Webaria AG","isPartOf":{"@id":"https:\/\/www.webaria.ch\/fr\/#website"},"datePublished":"2025-10-07T13:39:03+00:00","dateModified":"2025-12-02T14:16:05+00:00","breadcrumb":{"@id":"https:\/\/www.webaria.ch\/fr\/mentions-legales\/#breadcrumb"},"inLanguage":"fr-FR","potentialAction":[{"@type":"ReadAction","target":["https:\/\/www.webaria.ch\/fr\/mentions-legales\/"]}]},{"@type":"BreadcrumbList","@id":"https:\/\/www.webaria.ch\/fr\/mentions-legales\/#breadcrumb","itemListElement":[{"@type":"ListItem","position":1,"name":"Startseite","item":"https:\/\/www.webaria.ch\/fr\/"},{"@type":"ListItem","position":2,"name":"Mentions l\u00e9gales\u00a0"}]},{"@type":"WebSite","@id":"https:\/\/www.webaria.ch\/fr\/#website","url":"https:\/\/www.webaria.ch\/fr\/","name":"Webaria \u2013 effiziente und zuverl\u00e4ssige Entsorgungstechnik","description":"Ihr Partner f\u00fcr effiziente und zuverl\u00e4ssige Entsorgungstechnik","publisher":{"@id":"https:\/\/www.webaria.ch\/fr\/#organization"},"potentialAction":[{"@type":"SearchAction","target":{"@type":"EntryPoint","urlTemplate":"https:\/\/www.webaria.ch\/fr\/?s={search_term_string}"},"query-input":{"@type":"PropertyValueSpecification","valueRequired":true,"valueName":"search_term_string"}}],"inLanguage":"fr-FR"},{"@type":"Organization","@id":"https:\/\/www.webaria.ch\/fr\/#organization","name":"Webaria AG","url":"https:\/\/www.webaria.ch\/fr\/","logo":{"@type":"ImageObject","inLanguage":"fr-FR","@id":"https:\/\/www.webaria.ch\/fr\/#\/schema\/logo\/image\/","url":"https:\/\/new.webaria.ch\/wp-content\/uploads\/2025\/10\/Webaria_Logo.png","contentUrl":"https:\/\/new.webaria.ch\/wp-content\/uploads\/2025\/10\/Webaria_Logo.png","width":2500,"height":794,"caption":"Webaria AG"},"image":{"@id":"https:\/\/www.webaria.ch\/fr\/#\/schema\/logo\/image\/"}}]}},"_links":{"self":[{"href":"https:\/\/www.webaria.ch\/fr\/wp-json\/wp\/v2\/pages\/1703","targetHints":{"allow":["GET"]}}],"collection":[{"href":"https:\/\/www.webaria.ch\/fr\/wp-json\/wp\/v2\/pages"}],"about":[{"href":"https:\/\/www.webaria.ch\/fr\/wp-json\/wp\/v2\/types\/page"}],"author":[{"embeddable":true,"href":"https:\/\/www.webaria.ch\/fr\/wp-json\/wp\/v2\/users\/1"}],"replies":[{"embeddable":true,"href":"https:\/\/www.webaria.ch\/fr\/wp-json\/wp\/v2\/comments?post=1703"}],"version-history":[{"count":2,"href":"https:\/\/www.webaria.ch\/fr\/wp-json\/wp\/v2\/pages\/1703\/revisions"}],"predecessor-version":[{"id":1705,"href":"https:\/\/www.webaria.ch\/fr\/wp-json\/wp\/v2\/pages\/1703\/revisions\/1705"}],"wp:attachment":[{"href":"https:\/\/www.webaria.ch\/fr\/wp-json\/wp\/v2\/media?parent=1703"}],"curies":[{"name":"wp","href":"https:\/\/api.w.org\/{rel}","templated":true}]}}