{"id":1701,"date":"2025-10-03T08:20:22","date_gmt":"2025-10-03T06:20:22","guid":{"rendered":"https:\/\/new.webaria.ch\/?page_id=1701"},"modified":"2025-12-05T12:14:48","modified_gmt":"2025-12-05T11:14:48","slug":"politique-de-confidentialite","status":"publish","type":"page","link":"https:\/\/www.webaria.ch\/fr\/politique-de-confidentialite\/","title":{"rendered":"Politique de confidentialit\u00e9"},"content":{"rendered":"\n<h3 class=\"wp-block-heading\">Principes fondamentaux<\/h3>\n\n\n\n<p>La pr\u00e9sente d\u00e9claration de confidentialit\u00e9 a pour but d&rsquo;informer les utilisateurs de ce site web sur la nature, l&rsquo;\u00e9tendue et la finalit\u00e9 de la collecte et de l&rsquo;utilisation des donn\u00e9es \u00e0 caract\u00e8re personnel par l&rsquo;exploitant du site web, Webaria AG.<\/p>\n\n\n\n<p>L&rsquo;exploitant du site web prend tr\u00e8s au s\u00e9rieux la protection de vos donn\u00e9es et traite vos donn\u00e9es personnelles de mani\u00e8re confidentielle et conform\u00e9ment aux dispositions l\u00e9gales. \u00c9tant donn\u00e9 que de nouvelles technologies et le d\u00e9veloppement constant de ce site web peuvent entra\u00eener des modifications de la pr\u00e9sente d\u00e9claration de confidentialit\u00e9, nous vous recommandons de la relire r\u00e9guli\u00e8rement.<\/p>\n\n\n\n<h3 class=\"wp-block-heading\">Donn\u00e9es d&rsquo;acc\u00e8s<\/h3>\n\n\n\n<p>En tant qu&rsquo;exploitant du site web ou fournisseur de pages, nous collectons, sur la base de notre int\u00e9r\u00eat l\u00e9gitime, des donn\u00e9es relatives aux acc\u00e8s au site web et les enregistrons sous forme de \u00ab fichiers journaux du serveur \u00bb sur le serveur du site web. Les donn\u00e9es suivantes sont ainsi enregistr\u00e9es :<\/p>\n\n\n\n<ul class=\"wp-block-list\">\n<li>Site web visit\u00e9<\/li>\n\n\n\n<li>Heure de l&rsquo;acc\u00e8s<\/li>\n\n\n\n<li>Quantit\u00e9 de donn\u00e9es envoy\u00e9es en octets<\/li>\n\n\n\n<li>Source\/r\u00e9f\u00e9rence \u00e0 partir de laquelle vous avez acc\u00e9d\u00e9 \u00e0 la page<\/li>\n\n\n\n<li>Navigateur utilis\u00e9<\/li>\n\n\n\n<li>Syst\u00e8me d&rsquo;exploitation utilis\u00e9<\/li>\n\n\n\n<li>Adresse IP utilis\u00e9e<\/li>\n<\/ul>\n\n\n\n<p>Les fichiers journaux du serveur sont stock\u00e9s pendant 7 jours maximum, puis supprim\u00e9s. Les donn\u00e9es sont stock\u00e9es pour des raisons de s\u00e9curit\u00e9, par exemple pour pouvoir \u00e9lucider des cas d&rsquo;abus. Si des donn\u00e9es doivent \u00eatre conserv\u00e9es \u00e0 des fins de preuve, elles ne sont pas supprim\u00e9es tant que l&rsquo;incident n&rsquo;est pas d\u00e9finitivement \u00e9lucid\u00e9.<\/p>\n\n\n\n<h3 class=\"wp-block-heading\">Mesure d&rsquo;audience et cookies<\/h3>\n\n\n\n<p>Ce site web utilise des cookies pour mesurer l&rsquo;audience de mani\u00e8re pseudonymis\u00e9e. Ces cookies sont transmis au navigateur de l&rsquo;utilisateur soit par notre serveur, soit par le serveur d&rsquo;un tiers. Les cookies sont de petits fichiers qui sont enregistr\u00e9s sur votre terminal. Votre navigateur acc\u00e8de \u00e0 ces fichiers. L&rsquo;utilisation de cookies am\u00e9liore la convivialit\u00e9 et la s\u00e9curit\u00e9 de ce site web.<\/p>\n\n\n\n<p>Si vous ne souhaitez pas que des cookies destin\u00e9s \u00e0 mesurer l&rsquo;audience soient enregistr\u00e9s sur votre terminal, vous pouvez vous opposer \u00e0 l&rsquo;utilisation de ces fichiers ici :<\/p>\n\n\n\n<ul class=\"wp-block-list\">\n<li>Page de d\u00e9sactivation des cookies de la Network Advertising Initiative :&nbsp;<a href=\"http:\/\/optout.networkadvertising.org\/?c=1#!\/\" target=\"_blank\" rel=\"noreferrer noopener\">http:\/\/optout.networkadvertising.org\/?c=1#!\/<\/a><\/li>\n\n\n\n<li>Page de d\u00e9sactivation des cookies du site web am\u00e9ricain :&nbsp;<a href=\"http:\/\/optout.aboutads.info\/?c=2#!\/\" target=\"_blank\" rel=\"noreferrer noopener\">http:\/\/optout.aboutads.info\/?c=2#!\/<\/a><\/li>\n\n\n\n<li>Page de d\u00e9sactivation des cookies du site web europ\u00e9en :&nbsp;<a href=\"http:\/\/optout.networkadvertising.org\/?c=1#!\/\" target=\"_blank\" rel=\"noreferrer noopener\">http:\/\/optout.networkadvertising.org\/?c=1#!\/<\/a><\/li>\n<\/ul>\n\n\n\n<p>Les navigateurs courants offrent la possibilit\u00e9 de d\u00e9sactiver les cookies dans leurs param\u00e8tres. Remarque : si vous d\u00e9sactivez les cookies, nous ne pouvons pas garantir que vous pourrez acc\u00e9der \u00e0 toutes les fonctionnalit\u00e9s de ce site web sans restriction.<\/p>\n\n\n\n<h3 class=\"wp-block-heading\">Collecte et traitement des donn\u00e9es \u00e0 caract\u00e8re personnel<\/h3>\n\n\n\n<p>L&rsquo;exploitant du site web collecte, utilise et transmet vos donn\u00e9es \u00e0 caract\u00e8re personnel uniquement dans les limites autoris\u00e9es par la loi ou si vous consentez \u00e0 la collecte de ces donn\u00e9es.<\/p>\n\n\n\n<p>Les donn\u00e9es \u00e0 caract\u00e8re personnel sont toutes les informations qui servent \u00e0 vous identifier et qui peuvent \u00eatre retrac\u00e9es jusqu&rsquo;\u00e0 vous, par exemple votre nom, votre adresse e-mail et votre num\u00e9ro de t\u00e9l\u00e9phone.<\/p>\n\n\n\n<p>Nous traitons les donn\u00e9es personnelles telles que le pr\u00e9nom, le nom, l&rsquo;adresse IP, l&rsquo;adresse e-mail, le lieu de r\u00e9sidence, le code postal et les informations contenues dans le formulaire de contact. Nous traitons les donn\u00e9es \u00e0 caract\u00e8re personnel uniquement apr\u00e8s avoir obtenu l&rsquo;autorisation expresse des utilisateurs concern\u00e9s et dans le respect des dispositions applicables en mati\u00e8re de protection des donn\u00e9es. Le traitement des donn\u00e9es \u00e0 caract\u00e8re personnel est fond\u00e9 sur notre int\u00e9r\u00eat l\u00e9gitime \u00e0 fournir les services convenus contractuellement et \u00e0 optimiser notre offre en ligne.<\/p>\n\n\n\n<p>Vous pouvez \u00e9galement visiter ce site web sans fournir d&rsquo;informations personnelles. Toutefois, afin d&rsquo;am\u00e9liorer notre offre en ligne, nous enregistrons (sans r\u00e9f\u00e9rence personnelle) vos donn\u00e9es d&rsquo;acc\u00e8s \u00e0 ce site web. Ces donn\u00e9es d&rsquo;acc\u00e8s comprennent, par exemple, le fichier que vous avez demand\u00e9 ou le nom de votre fournisseur d&rsquo;acc\u00e8s Internet. L&rsquo;anonymisation des donn\u00e9es ne permet pas de tirer des conclusions sur votre personne.<\/p>\n\n\n\n<h3 class=\"wp-block-heading\">Google Analytics<\/h3>\n\n\n\n<p>En raison de nos int\u00e9r\u00eats l\u00e9gitimes pour l&rsquo;optimisation et l&rsquo;analyse de notre offre en ligne au sens de l&rsquo;art. 6, al. 1, let. f du RGPD, ce site web utilise le service \u00ab Google Analytics \u00bb propos\u00e9 par Google Inc. (1600 Amphitheatre Parkway Mountain View, CA 94043, \u00c9tats-Unis). Le service (Google Analytics) utilise des \u00ab cookies \u00bb, qui sont des fichiers texte enregistr\u00e9s sur votre terminal. Les informations collect\u00e9es par les cookies sont g\u00e9n\u00e9ralement transmises \u00e0 un serveur de Google aux \u00c9tats-Unis et y sont stock\u00e9es.<\/p>\n\n\n\n<p>Google LLC respecte la l\u00e9gislation europ\u00e9enne en mati\u00e8re de protection des donn\u00e9es et est certifi\u00e9 dans le cadre du bouclier de protection des donn\u00e9es : <a href=\"https:\/\/www.privacyshield.gov\/participant?id=a2zt000000001L5AAI&amp;status=Active\">https:\/\/www.privacyshield.gov\/participant?id=a2zt000000001L5AAI&amp;status=Active<\/a><\/p>\n\n\n\n<p>L&rsquo;anonymisation de l&rsquo;adresse IP s&rsquo;applique sur ce site web. L&rsquo;adresse IP des utilisateurs est raccourcie au sein des \u00c9tats membres de l&rsquo;UE et de l&rsquo;Espace \u00e9conomique europ\u00e9en ainsi que dans les autres \u00c9tats signataires de l&rsquo;accord. Ce n&rsquo;est que dans des cas particuliers que l&rsquo;adresse IP est d&rsquo;abord transmise sans \u00eatre raccourcie \u00e0 un serveur de Google aux \u00c9tats-Unis, o\u00f9 elle est ensuite raccourcie. Ce raccourcissement supprime la r\u00e9f\u00e9rence personnelle de votre adresse IP. L&rsquo;adresse IP de l&rsquo;utilisateur transmise par le navigateur n&rsquo;est pas combin\u00e9e avec d&rsquo;autres donn\u00e9es enregistr\u00e9es par Google.<\/p>\n\n\n\n<p>Dans le cadre de l&rsquo;accord sur le traitement des donn\u00e9es que nous avons conclu avec Google Inc. en tant qu&rsquo;exploitant du site web, Google utilise les informations collect\u00e9es pour \u00e9valuer l&rsquo;utilisation et l&rsquo;activit\u00e9 du site web et fournit des services li\u00e9s \u00e0 l&rsquo;utilisation d&rsquo;Internet.<\/p>\n\n\n\n<p>Les donn\u00e9es collect\u00e9es par Google pour notre compte sont utilis\u00e9es pour \u00e9valuer l&rsquo;utilisation de notre offre en ligne par les diff\u00e9rents utilisateurs, par exemple pour cr\u00e9er des rapports sur l&rsquo;activit\u00e9 du site web afin d&rsquo;am\u00e9liorer notre offre en ligne.<\/p>\n\n\n\n<p>Vous avez la possibilit\u00e9 d&#8217;emp\u00eacher l&rsquo;enregistrement de cookies sur votre appareil en param\u00e9trant votre navigateur en cons\u00e9quence. Il n&rsquo;est pas garanti que vous puissiez acc\u00e9der sans restriction \u00e0 toutes les fonctionnalit\u00e9s de ce site web si votre navigateur n&rsquo;autorise pas les cookies.<\/p>\n\n\n\n<p>Vous pouvez \u00e9galement emp\u00eacher l&rsquo;envoi des informations collect\u00e9es par les cookies (y compris votre adresse IP) \u00e0 Google Inc. et leur utilisation par Google Inc. \u00e0 l&rsquo;aide d&rsquo;un plugin de navigateur. Le lien suivant vous m\u00e8nera au plugin correspondant : <a href=\"https:\/\/tools.google.com\/dlpage\/gaoptout?hl=de\">https:\/\/tools.google.com\/dlpage\/gaoptout?hl=fr<\/a><\/p>\n\n\n\n<p>Vous trouverez ici de plus amples informations sur l&rsquo;utilisation des donn\u00e9es par Google Inc. :<\/p>\n\n\n\n<ul class=\"wp-block-list\">\n<li><a href=\"https:\/\/policies.google.com\/privacy\/partners?hl=de\" target=\"_blank\" rel=\"noreferrer noopener\">https:\/\/policies.google.com\/privacy\/partners?hl=fr<\/a>&nbsp;(donn\u00e9es collect\u00e9es par les partenaires de Google)<\/li>\n\n\n\n<li><a href=\"https:\/\/adssettings.google.de\/authenticated\" target=\"_blank\" rel=\"noreferrer noopener\">https:\/\/adssettings.google.de\/authenticated<\/a>&nbsp;(param\u00e8tres relatifs aux publicit\u00e9s qui vous sont pr\u00e9sent\u00e9es)<\/li>\n\n\n\n<li><a href=\"https:\/\/policies.google.com\/technologies\/ads?hl=de\" target=\"_blank\" rel=\"noreferrer noopener\">https:\/\/policies.google.com\/technologies\/ads?hl=fr<\/a>&nbsp;(utilisation de cookies dans les annonces)<\/li>\n<\/ul>\n\n\n\n<h3 class=\"wp-block-heading\">Contenus int\u00e9gr\u00e9s provenant d&rsquo;autres sites web<\/h3>\n\n\n\n<p>Les contributions sur ce site web peuvent contenir des contenus int\u00e9gr\u00e9s (par exemple des vid\u00e9os, des images, des contributions, etc.). Les contenus int\u00e9gr\u00e9s provenant d&rsquo;autres sites web se comportent exactement comme si le visiteur avait visit\u00e9 l&rsquo;autre site web.<\/p>\n\n\n\n<p>Ces sites web peuvent collecter des donn\u00e9es vous concernant, utiliser des cookies, int\u00e9grer des services de suivi suppl\u00e9mentaires provenant de tiers et enregistrer votre interaction avec ce contenu int\u00e9gr\u00e9, y compris votre interaction avec le contenu int\u00e9gr\u00e9 si vous avez un compte et \u00eates connect\u00e9 \u00e0 ce site web.<\/p>\n\n\n\n<h3 class=\"wp-block-heading\">Droits de l&rsquo;utilisateur<\/h3>\n\n\n\n<p>En tant qu&rsquo;utilisateur, vous avez le droit de demander gratuitement des informations sur les donn\u00e9es \u00e0 caract\u00e8re personnel qui ont \u00e9t\u00e9 enregistr\u00e9es \u00e0 votre sujet. Vous avez \u00e9galement le droit de faire rectifier les donn\u00e9es erron\u00e9es et de limiter le traitement ou de supprimer vos donn\u00e9es \u00e0 caract\u00e8re personnel. Le cas \u00e9ch\u00e9ant, vous pouvez \u00e9galement faire valoir votre droit \u00e0 la portabilit\u00e9 des donn\u00e9es. Si vous estimez que vos donn\u00e9es ont \u00e9t\u00e9 trait\u00e9es de mani\u00e8re illicite, vous pouvez d\u00e9poser une plainte aupr\u00e8s de l&rsquo;autorit\u00e9 de contr\u00f4le comp\u00e9tente.<\/p>\n\n\n\n<h3 class=\"wp-block-heading\">Suppression des donn\u00e9es<\/h3>\n\n\n\n<p>Dans la mesure o\u00f9 votre demande n&rsquo;entre pas en conflit avec une obligation l\u00e9gale de conservation des donn\u00e9es (par exemple, la conservation des donn\u00e9es), vous avez le droit de demander la suppression de vos donn\u00e9es. Les donn\u00e9es que nous stockons sont supprim\u00e9es d\u00e8s qu&rsquo;elles ne sont plus n\u00e9cessaires \u00e0 leur finalit\u00e9 et qu&rsquo;il n&rsquo;existe aucun d\u00e9lai de conservation l\u00e9gal. Si la suppression n&rsquo;est pas possible parce que les donn\u00e9es sont n\u00e9cessaires \u00e0 des fins l\u00e9gales autoris\u00e9es, le traitement des donn\u00e9es est limit\u00e9. Dans ce cas, les donn\u00e9es sont bloqu\u00e9es et ne sont pas trait\u00e9es \u00e0 d&rsquo;autres fins.<\/p>\n\n\n\n<h3 class=\"wp-block-heading\">Droit d&rsquo;opposition<\/h3>\n\n\n\n<p>Les utilisateurs de ce site web peuvent exercer leur droit d&rsquo;opposition et s&rsquo;opposer \u00e0 tout moment au traitement de leurs donn\u00e9es personnelles.<\/p>\n\n\n\n<p>Si vous souhaitez obtenir la rectification, le blocage, la suppression ou des informations sur les donn\u00e9es \u00e0 caract\u00e8re personnel enregistr\u00e9es vous concernant, si vous avez des questions concernant la collecte, le traitement ou l&rsquo;utilisation de vos donn\u00e9es \u00e0 caract\u00e8re personnel ou si vous souhaitez r\u00e9voquer les consentements accord\u00e9s, veuillez vous adresser \u00e0 l&rsquo;adresse e-mail suivante : <a href=\"mailto:info@webaria.ch\">E-Mail<\/a>&nbsp;<\/p>\n\n\n\n<h3 class=\"wp-block-heading\">Clause de non-responsabilit\u00e9<\/h3>\n\n\n\n<p>L&rsquo;auteur ne garantit en aucun cas l&rsquo;exactitude, la pr\u00e9cision, l&rsquo;actualit\u00e9, la fiabilit\u00e9 et l&rsquo;exhaustivit\u00e9 des informations.<\/p>\n\n\n\n<p>Toute responsabilit\u00e9 de l&rsquo;auteur pour des dommages mat\u00e9riels ou immat\u00e9riels r\u00e9sultant de l&rsquo;acc\u00e8s, de l&rsquo;utilisation ou de la non-utilisation des informations publi\u00e9es, d&rsquo;une mauvaise utilisation de la connexion ou de d\u00e9faillances techniques est exclue.<\/p>\n\n\n\n<p>Toutes les offres sont sans engagement. L&rsquo;auteur se r\u00e9serve express\u00e9ment le droit de modifier, compl\u00e9ter ou supprimer des parties des pages ou l&rsquo;ensemble de l&rsquo;offre sans pr\u00e9avis particulier, ou d&rsquo;en suspendre temporairement ou d\u00e9finitivement la publication.<\/p>\n\n\n\n<h3 class=\"wp-block-heading\">Responsabilit\u00e9 relative aux liens<\/h3>\n\n\n\n<p>Les r\u00e9f\u00e9rences et les liens vers des sites web tiers ne rel\u00e8vent pas de notre responsabilit\u00e9. Nous d\u00e9clinons toute responsabilit\u00e9 pour ces sites web. L&rsquo;acc\u00e8s et l&rsquo;utilisation de ces sites web se font aux risques et p\u00e9rils de l&rsquo;utilisateur ou de l&rsquo;utilisatrice.<\/p>\n\n\n\n<p><\/p>\n","protected":false},"excerpt":{"rendered":"<p>Principes fondamentaux La pr\u00e9sente d\u00e9claration de confidentialit\u00e9 a pour but d&rsquo;informer les utilisateurs de ce site web sur la nature, l&rsquo;\u00e9tendue et la finalit\u00e9 de la collecte et de l&rsquo;utilisation des donn\u00e9es \u00e0 caract\u00e8re personnel par l&rsquo;exploitant du site web, Webaria AG. L&rsquo;exploitant du site web prend tr\u00e8s au s\u00e9rieux la protection de vos donn\u00e9es&#8230;<\/p>\n","protected":false},"author":1,"featured_media":0,"parent":0,"menu_order":200,"comment_status":"closed","ping_status":"closed","template":"","meta":{"_kad_post_transparent":"","_kad_post_title":"","_kad_post_layout":"","_kad_post_sidebar_id":"","_kad_post_content_style":"","_kad_post_vertical_padding":"","_kad_post_feature":"","_kad_post_feature_position":"","_kad_post_header":false,"_kad_post_footer":false,"_kad_post_classname":"","footnotes":""},"class_list":["post-1701","page","type-page","status-publish","hentry"],"yoast_head":"<!-- This site is optimized with the Yoast SEO plugin v27.2 - https:\/\/yoast.com\/product\/yoast-seo-wordpress\/ -->\n<title>Politique de confidentialit\u00e9 - Webaria AG<\/title>\n<meta name=\"robots\" content=\"index, follow, max-snippet:-1, max-image-preview:large, max-video-preview:-1\" \/>\n<link rel=\"canonical\" href=\"https:\/\/www.webaria.ch\/fr\/politique-de-confidentialite\/\" \/>\n<meta property=\"og:locale\" content=\"fr_FR\" \/>\n<meta property=\"og:type\" content=\"article\" \/>\n<meta property=\"og:title\" content=\"Politique de confidentialit\u00e9 - Webaria AG\" \/>\n<meta property=\"og:description\" content=\"Principes fondamentaux La pr\u00e9sente d\u00e9claration de confidentialit\u00e9 a pour but d&rsquo;informer les utilisateurs de ce site web sur la nature, l&rsquo;\u00e9tendue et la finalit\u00e9 de la collecte et de l&rsquo;utilisation des donn\u00e9es \u00e0 caract\u00e8re personnel par l&rsquo;exploitant du site web, Webaria AG. L&rsquo;exploitant du site web prend tr\u00e8s au s\u00e9rieux la protection de vos donn\u00e9es...\" \/>\n<meta property=\"og:url\" content=\"https:\/\/www.webaria.ch\/fr\/politique-de-confidentialite\/\" \/>\n<meta property=\"og:site_name\" content=\"Webaria AG\" \/>\n<meta property=\"article:modified_time\" content=\"2025-12-05T11:14:48+00:00\" \/>\n<meta name=\"twitter:card\" content=\"summary_large_image\" \/>\n<meta name=\"twitter:label1\" content=\"Dur\u00e9e de lecture estim\u00e9e\" \/>\n\t<meta name=\"twitter:data1\" content=\"9 minutes\" \/>\n<script type=\"application\/ld+json\" class=\"yoast-schema-graph\">{\"@context\":\"https:\/\/schema.org\",\"@graph\":[{\"@type\":\"WebPage\",\"@id\":\"https:\/\/www.webaria.ch\/fr\/politique-de-confidentialite\/\",\"url\":\"https:\/\/www.webaria.ch\/fr\/politique-de-confidentialite\/\",\"name\":\"Politique de confidentialit\u00e9 - Webaria AG\",\"isPartOf\":{\"@id\":\"https:\/\/www.webaria.ch\/fr\/#website\"},\"datePublished\":\"2025-10-03T06:20:22+00:00\",\"dateModified\":\"2025-12-05T11:14:48+00:00\",\"breadcrumb\":{\"@id\":\"https:\/\/www.webaria.ch\/fr\/politique-de-confidentialite\/#breadcrumb\"},\"inLanguage\":\"fr-FR\",\"potentialAction\":[{\"@type\":\"ReadAction\",\"target\":[\"https:\/\/www.webaria.ch\/fr\/politique-de-confidentialite\/\"]}]},{\"@type\":\"BreadcrumbList\",\"@id\":\"https:\/\/www.webaria.ch\/fr\/politique-de-confidentialite\/#breadcrumb\",\"itemListElement\":[{\"@type\":\"ListItem\",\"position\":1,\"name\":\"Startseite\",\"item\":\"https:\/\/www.webaria.ch\/fr\/\"},{\"@type\":\"ListItem\",\"position\":2,\"name\":\"Politique de confidentialit\u00e9\"}]},{\"@type\":\"WebSite\",\"@id\":\"https:\/\/www.webaria.ch\/fr\/#website\",\"url\":\"https:\/\/www.webaria.ch\/fr\/\",\"name\":\"Webaria \u2013 effiziente und zuverl\u00e4ssige Entsorgungstechnik\",\"description\":\"Ihr Partner f\u00fcr effiziente und zuverl\u00e4ssige Entsorgungstechnik\",\"publisher\":{\"@id\":\"https:\/\/www.webaria.ch\/fr\/#organization\"},\"potentialAction\":[{\"@type\":\"SearchAction\",\"target\":{\"@type\":\"EntryPoint\",\"urlTemplate\":\"https:\/\/www.webaria.ch\/fr\/?s={search_term_string}\"},\"query-input\":{\"@type\":\"PropertyValueSpecification\",\"valueRequired\":true,\"valueName\":\"search_term_string\"}}],\"inLanguage\":\"fr-FR\"},{\"@type\":\"Organization\",\"@id\":\"https:\/\/www.webaria.ch\/fr\/#organization\",\"name\":\"Webaria AG\",\"url\":\"https:\/\/www.webaria.ch\/fr\/\",\"logo\":{\"@type\":\"ImageObject\",\"inLanguage\":\"fr-FR\",\"@id\":\"https:\/\/www.webaria.ch\/fr\/#\/schema\/logo\/image\/\",\"url\":\"https:\/\/new.webaria.ch\/wp-content\/uploads\/2025\/10\/Webaria_Logo.png\",\"contentUrl\":\"https:\/\/new.webaria.ch\/wp-content\/uploads\/2025\/10\/Webaria_Logo.png\",\"width\":2500,\"height\":794,\"caption\":\"Webaria AG\"},\"image\":{\"@id\":\"https:\/\/www.webaria.ch\/fr\/#\/schema\/logo\/image\/\"}}]}<\/script>\n<!-- \/ Yoast SEO plugin. -->","yoast_head_json":{"title":"Politique de confidentialit\u00e9 - Webaria AG","robots":{"index":"index","follow":"follow","max-snippet":"max-snippet:-1","max-image-preview":"max-image-preview:large","max-video-preview":"max-video-preview:-1"},"canonical":"https:\/\/www.webaria.ch\/fr\/politique-de-confidentialite\/","og_locale":"fr_FR","og_type":"article","og_title":"Politique de confidentialit\u00e9 - Webaria AG","og_description":"Principes fondamentaux La pr\u00e9sente d\u00e9claration de confidentialit\u00e9 a pour but d&rsquo;informer les utilisateurs de ce site web sur la nature, l&rsquo;\u00e9tendue et la finalit\u00e9 de la collecte et de l&rsquo;utilisation des donn\u00e9es \u00e0 caract\u00e8re personnel par l&rsquo;exploitant du site web, Webaria AG. L&rsquo;exploitant du site web prend tr\u00e8s au s\u00e9rieux la protection de vos donn\u00e9es...","og_url":"https:\/\/www.webaria.ch\/fr\/politique-de-confidentialite\/","og_site_name":"Webaria AG","article_modified_time":"2025-12-05T11:14:48+00:00","twitter_card":"summary_large_image","twitter_misc":{"Dur\u00e9e de lecture estim\u00e9e":"9 minutes"},"schema":{"@context":"https:\/\/schema.org","@graph":[{"@type":"WebPage","@id":"https:\/\/www.webaria.ch\/fr\/politique-de-confidentialite\/","url":"https:\/\/www.webaria.ch\/fr\/politique-de-confidentialite\/","name":"Politique de confidentialit\u00e9 - Webaria AG","isPartOf":{"@id":"https:\/\/www.webaria.ch\/fr\/#website"},"datePublished":"2025-10-03T06:20:22+00:00","dateModified":"2025-12-05T11:14:48+00:00","breadcrumb":{"@id":"https:\/\/www.webaria.ch\/fr\/politique-de-confidentialite\/#breadcrumb"},"inLanguage":"fr-FR","potentialAction":[{"@type":"ReadAction","target":["https:\/\/www.webaria.ch\/fr\/politique-de-confidentialite\/"]}]},{"@type":"BreadcrumbList","@id":"https:\/\/www.webaria.ch\/fr\/politique-de-confidentialite\/#breadcrumb","itemListElement":[{"@type":"ListItem","position":1,"name":"Startseite","item":"https:\/\/www.webaria.ch\/fr\/"},{"@type":"ListItem","position":2,"name":"Politique de confidentialit\u00e9"}]},{"@type":"WebSite","@id":"https:\/\/www.webaria.ch\/fr\/#website","url":"https:\/\/www.webaria.ch\/fr\/","name":"Webaria \u2013 effiziente und zuverl\u00e4ssige Entsorgungstechnik","description":"Ihr Partner f\u00fcr effiziente und zuverl\u00e4ssige Entsorgungstechnik","publisher":{"@id":"https:\/\/www.webaria.ch\/fr\/#organization"},"potentialAction":[{"@type":"SearchAction","target":{"@type":"EntryPoint","urlTemplate":"https:\/\/www.webaria.ch\/fr\/?s={search_term_string}"},"query-input":{"@type":"PropertyValueSpecification","valueRequired":true,"valueName":"search_term_string"}}],"inLanguage":"fr-FR"},{"@type":"Organization","@id":"https:\/\/www.webaria.ch\/fr\/#organization","name":"Webaria AG","url":"https:\/\/www.webaria.ch\/fr\/","logo":{"@type":"ImageObject","inLanguage":"fr-FR","@id":"https:\/\/www.webaria.ch\/fr\/#\/schema\/logo\/image\/","url":"https:\/\/new.webaria.ch\/wp-content\/uploads\/2025\/10\/Webaria_Logo.png","contentUrl":"https:\/\/new.webaria.ch\/wp-content\/uploads\/2025\/10\/Webaria_Logo.png","width":2500,"height":794,"caption":"Webaria AG"},"image":{"@id":"https:\/\/www.webaria.ch\/fr\/#\/schema\/logo\/image\/"}}]}},"_links":{"self":[{"href":"https:\/\/www.webaria.ch\/fr\/wp-json\/wp\/v2\/pages\/1701","targetHints":{"allow":["GET"]}}],"collection":[{"href":"https:\/\/www.webaria.ch\/fr\/wp-json\/wp\/v2\/pages"}],"about":[{"href":"https:\/\/www.webaria.ch\/fr\/wp-json\/wp\/v2\/types\/page"}],"author":[{"embeddable":true,"href":"https:\/\/www.webaria.ch\/fr\/wp-json\/wp\/v2\/users\/1"}],"replies":[{"embeddable":true,"href":"https:\/\/www.webaria.ch\/fr\/wp-json\/wp\/v2\/comments?post=1701"}],"version-history":[{"count":4,"href":"https:\/\/www.webaria.ch\/fr\/wp-json\/wp\/v2\/pages\/1701\/revisions"}],"predecessor-version":[{"id":2015,"href":"https:\/\/www.webaria.ch\/fr\/wp-json\/wp\/v2\/pages\/1701\/revisions\/2015"}],"wp:attachment":[{"href":"https:\/\/www.webaria.ch\/fr\/wp-json\/wp\/v2\/media?parent=1701"}],"curies":[{"name":"wp","href":"https:\/\/api.w.org\/{rel}","templated":true}]}}