{"id":1665,"date":"2025-10-03T14:32:18","date_gmt":"2025-10-03T12:32:18","guid":{"rendered":"https:\/\/new.webaria.ch\/?page_id=1665"},"modified":"2025-12-04T15:21:05","modified_gmt":"2025-12-04T14:21:05","slug":"contact","status":"publish","type":"page","link":"https:\/\/www.webaria.ch\/fr\/contact\/","title":{"rendered":"Contact"},"content":{"rendered":"\n<div class=\"wp-block-columns is-layout-flex wp-container-core-columns-is-layout-9d6595d7 wp-block-columns-is-layout-flex\">\n<div class=\"wp-block-column is-vertically-aligned-top is-layout-flow wp-block-column-is-layout-flow\" style=\"flex-basis:200px\"><style>.wp-block-kadence-advancedheading.kt-adv-heading1665_ede23c-4f, .wp-block-kadence-advancedheading.kt-adv-heading1665_ede23c-4f[data-kb-block=\"kb-adv-heading1665_ede23c-4f\"]{font-style:normal;}.wp-block-kadence-advancedheading.kt-adv-heading1665_ede23c-4f mark.kt-highlight, .wp-block-kadence-advancedheading.kt-adv-heading1665_ede23c-4f[data-kb-block=\"kb-adv-heading1665_ede23c-4f\"] mark.kt-highlight{font-style:normal;color:#f76a0c;-webkit-box-decoration-break:clone;box-decoration-break:clone;padding-top:0px;padding-right:0px;padding-bottom:0px;padding-left:0px;}.wp-block-kadence-advancedheading.kt-adv-heading1665_ede23c-4f img.kb-inline-image, .wp-block-kadence-advancedheading.kt-adv-heading1665_ede23c-4f[data-kb-block=\"kb-adv-heading1665_ede23c-4f\"] img.kb-inline-image{width:150px;vertical-align:baseline;}<\/style>\n<h2 class=\"kt-adv-heading1665_ede23c-4f wp-block-kadence-advancedheading\" data-kb-block=\"kb-adv-heading1665_ede23c-4f\">Adresse<\/h2>\n\n\n\n<p>Webaria AG<br>Primelweg 5<br>6405 Immensee<\/p>\n<\/div>\n\n\n\n<div class=\"wp-block-column is-layout-flow wp-block-column-is-layout-flow\"><style>.wp-block-kadence-advancedheading.kt-adv-heading1665_bc59de-9f, .wp-block-kadence-advancedheading.kt-adv-heading1665_bc59de-9f[data-kb-block=\"kb-adv-heading1665_bc59de-9f\"]{font-style:normal;}.wp-block-kadence-advancedheading.kt-adv-heading1665_bc59de-9f mark.kt-highlight, .wp-block-kadence-advancedheading.kt-adv-heading1665_bc59de-9f[data-kb-block=\"kb-adv-heading1665_bc59de-9f\"] mark.kt-highlight{font-style:normal;color:#f76a0c;-webkit-box-decoration-break:clone;box-decoration-break:clone;padding-top:0px;padding-right:0px;padding-bottom:0px;padding-left:0px;}.wp-block-kadence-advancedheading.kt-adv-heading1665_bc59de-9f img.kb-inline-image, .wp-block-kadence-advancedheading.kt-adv-heading1665_bc59de-9f[data-kb-block=\"kb-adv-heading1665_bc59de-9f\"] img.kb-inline-image{width:150px;vertical-align:baseline;}<\/style>\n<h2 class=\"kt-adv-heading1665_bc59de-9f wp-block-kadence-advancedheading\" data-kb-block=\"kb-adv-heading1665_bc59de-9f\">Contact<\/h2>\n\n\n<style>.wp-block-kadence-iconlist.kt-svg-icon-list-items1665_254aea-02:not(.this-stops-third-party-issues){margin-top:0px;margin-bottom:0px;}.wp-block-kadence-iconlist.kt-svg-icon-list-items1665_254aea-02 ul.kt-svg-icon-list:not(.this-prevents-issues):not(.this-stops-third-party-issues):not(.tijsloc){margin-top:0px;margin-right:0px;margin-bottom:var(--global-kb-spacing-sm, 1.5rem);margin-left:0px;}.wp-block-kadence-iconlist.kt-svg-icon-list-items1665_254aea-02 ul.kt-svg-icon-list{grid-row-gap:5px;}.wp-block-kadence-iconlist.kt-svg-icon-list-items1665_254aea-02 ul.kt-svg-icon-list .kt-svg-icon-list-item-wrap .kt-svg-icon-list-single{margin-right:10px;}.kt-svg-icon-list-items1665_254aea-02 ul.kt-svg-icon-list .kt-svg-icon-list-level-0 .kt-svg-icon-list-single svg{font-size:20px;}<\/style>\n<div class=\"wp-block-kadence-iconlist kt-svg-icon-list-items kt-svg-icon-list-items1665_254aea-02 kt-svg-icon-list-columns-1 alignnone kt-list-icon-aligntop\"><ul class=\"kt-svg-icon-list\"><style>.kt-svg-icon-list-item-1665_d59ee1-8d .kt-svg-icon-list-text mark.kt-highlight{background-color:unset;font-style:normal;color:#f76a0c;-webkit-box-decoration-break:clone;box-decoration-break:clone;padding-top:0px;padding-right:0px;padding-bottom:0px;padding-left:0px;}<\/style>\n<li class=\"wp-block-kadence-listitem kt-svg-icon-list-item-wrap kt-svg-icon-list-item-1665_d59ee1-8d\"><span class=\"kb-svg-icon-wrap kb-svg-icon-ic_phone kt-svg-icon-list-single\"><svg viewBox=\"0 0 8 8\"  fill=\"currentColor\" xmlns=\"http:\/\/www.w3.org\/2000\/svg\"  aria-hidden=\"true\"><path d=\"M.19 0c-.11 0-.19.08-.19.19v7.63c0 .11.08.19.19.19h4.63c.11 0 .19-.08.19-.19v-7.63c0-.11-.08-.19-.19-.19h-4.63zm.81 1h3v5h-3v-5zm1.5 5.5c.28 0 .5.22.5.5s-.22.5-.5.5-.5-.22-.5-.5.22-.5.5-.5z\" transform=\"translate(1)\"\/><\/svg><\/span><span class=\"kt-svg-icon-list-text\"><a href=\"http:\/\/+41447414455\">044 741 44 55<\/a><\/span><\/li>\n\n\n<style>.kt-svg-icon-list-item-1665_74d062-cf .kt-svg-icon-list-text mark.kt-highlight{background-color:unset;font-style:normal;color:#f76a0c;-webkit-box-decoration-break:clone;box-decoration-break:clone;padding-top:0px;padding-right:0px;padding-bottom:0px;padding-left:0px;}<\/style>\n<li class=\"wp-block-kadence-listitem kt-svg-icon-list-item-wrap kt-svg-icon-list-item-1665_74d062-cf\"><span class=\"kb-svg-icon-wrap kb-svg-icon-kb_email-solid kt-svg-icon-list-single\"><svg viewBox=\"0 0 24 24\"  fill=\"currentColor\" xmlns=\"http:\/\/www.w3.org\/2000\/svg\"  aria-hidden=\"true\"><path d=\"M12 12.5l9-5.06V6c0-1.1-.9-2-2-2H5c-1.1 0-2 .9-2 2v1.44l9 5.06z\"\/><path d=\"M12 13.5l-9-5.06V18c0 1.1.9 2 2 2h14c1.1 0 2-.9 2-2V8.44l-9 5.06z\"\/><\/svg><\/span><span class=\"kt-svg-icon-list-text\"><a href=\"mailto:info@webaria.ch\">info@webaria.ch<\/a><\/span><\/li>\n<\/ul><\/div>\n<\/div>\n<\/div>\n\n\n<style>.kb-row-layout-id1665_29ec7f-d5 > .kt-row-column-wrap{align-content:start;}:where(.kb-row-layout-id1665_29ec7f-d5 > .kt-row-column-wrap) > .wp-block-kadence-column{justify-content:start;}.kb-row-layout-id1665_29ec7f-d5 > .kt-row-column-wrap{column-gap:var(--global-kb-gap-md, 2rem);row-gap:var(--global-kb-gap-md, 2rem);padding-bottom:var(--global-kb-spacing-sm, 1.5rem);grid-template-columns:repeat(2, minmax(0, 1fr));}.kb-row-layout-id1665_29ec7f-d5 > .kt-row-layout-overlay{opacity:0.30;}@media all and (max-width: 1024px){.kb-row-layout-id1665_29ec7f-d5 > .kt-row-column-wrap{grid-template-columns:repeat(2, minmax(0, 1fr));}}@media all and (max-width: 767px){.kb-row-layout-id1665_29ec7f-d5 > .kt-row-column-wrap{grid-template-columns:minmax(0, 1fr);}}<\/style><div class=\"kb-row-layout-wrap kb-row-layout-id1665_29ec7f-d5 alignnone wp-block-kadence-rowlayout\"><div class=\"kt-row-column-wrap kt-has-2-columns kt-row-layout-equal kt-tab-layout-inherit kt-mobile-layout-row kt-row-valign-top\">\n<style>.kadence-column1665_d71a71-db > .kt-inside-inner-col{padding-top:var(--global-kb-spacing-xs, 1rem);padding-right:var(--global-kb-spacing-xs, 1rem);padding-bottom:var(--global-kb-spacing-xs, 1rem);padding-left:var(--global-kb-spacing-xs, 1rem);}.kadence-column1665_d71a71-db > .kt-inside-inner-col{border-top:2px solid var(--global-palette6, #718096);border-right:2px solid var(--global-palette6, #718096);border-bottom:2px solid var(--global-palette6, #718096);border-left:2px solid var(--global-palette6, #718096);}.kadence-column1665_d71a71-db > .kt-inside-inner-col,.kadence-column1665_d71a71-db > .kt-inside-inner-col:before{border-top-left-radius:10px;border-top-right-radius:10px;border-bottom-right-radius:10px;border-bottom-left-radius:10px;}.kadence-column1665_d71a71-db > .kt-inside-inner-col{column-gap:var(--global-kb-gap-sm, 1rem);}.kadence-column1665_d71a71-db > .kt-inside-inner-col{flex-direction:column;}.kadence-column1665_d71a71-db > .kt-inside-inner-col > .aligncenter{width:100%;}.kadence-column1665_d71a71-db > .kt-inside-inner-col:before{opacity:0.3;}.kadence-column1665_d71a71-db{position:relative;}@media all and (max-width: 1024px){.kadence-column1665_d71a71-db > .kt-inside-inner-col{border-top:2px solid var(--global-palette6, #718096);border-right:2px solid var(--global-palette6, #718096);border-bottom:2px solid var(--global-palette6, #718096);border-left:2px solid var(--global-palette6, #718096);flex-direction:column;justify-content:center;}}@media all and (max-width: 767px){.kadence-column1665_d71a71-db > .kt-inside-inner-col{border-top:2px solid var(--global-palette6, #718096);border-right:2px solid var(--global-palette6, #718096);border-bottom:2px solid var(--global-palette6, #718096);border-left:2px solid var(--global-palette6, #718096);flex-direction:column;justify-content:center;}}<\/style>\n<div class=\"wp-block-kadence-column kadence-column1665_d71a71-db\"><div class=\"kt-inside-inner-col\">\n<h2 class=\"wp-block-heading\"><strong><strong>Carte<\/strong><\/strong><\/h2>\n\n\n<style>.kb-google-maps-container1665_d8b7dc-75{height:450px;}<\/style><div class=\"kb-google-maps-container kb-google-maps-container1665_d8b7dc-75  wp-block-kadence-googlemaps\" data-mapid=\"1665_d8b7dc75\"><iframe width=\"100%\" height=\"100%\"\n\t\t\t\t\t\t\tstyle=\"border:0\" loading=\"lazy\"\n\t\t\t\t\t\t\tsrc=\"https:\/\/www.google.com\/maps\/embed\/v1\/place?key=AIzaSyBAM2o7PiQqwk15LC1XRH2e_KJ-jUa7KYk&#038;zoom=14&#038;maptype=roadmap&#038;q=Webaria+AG\"\n\t\t\t\t\t\t\ttitle=\"Carte Google de Webaria AG\"><\/iframe><\/div><script>function kb_google_map1665_d8b7dc75() { let center = { lat: 37.8201, lng: -122.4781}; let map = new google.maps.Map(document.getElementById(\"kb-google-map1665_d8b7dc75\"), {\n\t\t\t\t\t    zoom: 14,\n\t\t\t\t\t    center: center,});let marker = new google.maps.Marker({   position: { lat: 37.8201, lng: -122.4781},    map: map,  });}<\/script><\/div><\/div>\n\n\n<style>.kadence-column1665_8a0ee1-33 > .kt-inside-inner-col{padding-top:var(--global-kb-spacing-xs, 1rem);padding-right:var(--global-kb-spacing-xs, 1rem);padding-bottom:var(--global-kb-spacing-xs, 1rem);padding-left:var(--global-kb-spacing-xs, 1rem);}.kadence-column1665_8a0ee1-33 > .kt-inside-inner-col{border-top:2px solid var(--global-palette6, #718096);border-right:2px solid var(--global-palette6, #718096);border-bottom:2px solid var(--global-palette6, #718096);border-left:2px solid var(--global-palette6, #718096);}.kadence-column1665_8a0ee1-33 > .kt-inside-inner-col,.kadence-column1665_8a0ee1-33 > .kt-inside-inner-col:before{border-top-left-radius:10px;border-top-right-radius:10px;border-bottom-right-radius:10px;border-bottom-left-radius:10px;}.kadence-column1665_8a0ee1-33 > .kt-inside-inner-col{column-gap:var(--global-kb-gap-sm, 1rem);}.kadence-column1665_8a0ee1-33 > .kt-inside-inner-col{flex-direction:column;}.kadence-column1665_8a0ee1-33 > .kt-inside-inner-col > .aligncenter{width:100%;}.kadence-column1665_8a0ee1-33 > .kt-inside-inner-col:before{opacity:0.3;}.kadence-column1665_8a0ee1-33{position:relative;}@media all and (max-width: 1024px){.kadence-column1665_8a0ee1-33 > .kt-inside-inner-col{border-top:2px solid var(--global-palette6, #718096);border-right:2px solid var(--global-palette6, #718096);border-bottom:2px solid var(--global-palette6, #718096);border-left:2px solid var(--global-palette6, #718096);flex-direction:column;justify-content:center;}}@media all and (max-width: 767px){.kadence-column1665_8a0ee1-33 > .kt-inside-inner-col{border-top:2px solid var(--global-palette6, #718096);border-right:2px solid var(--global-palette6, #718096);border-bottom:2px solid var(--global-palette6, #718096);border-left:2px solid var(--global-palette6, #718096);flex-direction:column;justify-content:center;}}<\/style>\n<div class=\"wp-block-kadence-column kadence-column1665_8a0ee1-33\"><div class=\"kt-inside-inner-col\">\n<h2 class=\"wp-block-heading\"><strong>Formulaire<\/strong><\/h2>\n\n\n<style id=\"wpforms-css-vars-1084-block-40e1730b-75b6-48b6-8360-6f9425a4032c\">\n\t\t\t\t#wpforms-1084.wpforms-block-40e1730b-75b6-48b6-8360-6f9425a4032c {\n\t\t\t\t--wpforms-field-size-input-height: 43px;\n--wpforms-field-size-input-spacing: 15px;\n--wpforms-field-size-font-size: 16px;\n--wpforms-field-size-line-height: 19px;\n--wpforms-field-size-padding-h: 14px;\n--wpforms-field-size-checkbox-size: 16px;\n--wpforms-field-size-sublabel-spacing: 5px;\n--wpforms-field-size-icon-size: 1;\n--wpforms-label-size-font-size: 16px;\n--wpforms-label-size-line-height: 19px;\n--wpforms-label-size-sublabel-font-size: 14px;\n--wpforms-label-size-sublabel-line-height: 17px;\n--wpforms-button-size-font-size: 17px;\n--wpforms-button-size-height: 41px;\n--wpforms-button-size-padding-h: 15px;\n--wpforms-button-size-margin-top: 10px;\n\t\t\t}\n\t\t\t<\/style><div class=\"wpforms-container wpforms-container-full wpforms-block wpforms-block-40e1730b-75b6-48b6-8360-6f9425a4032c wpforms-render-modern\" id=\"wpforms-1084\"><form id=\"wpforms-form-1084\" class=\"wpforms-validate wpforms-form wpforms-ajax-form\" data-formid=\"1084\" method=\"post\" enctype=\"multipart\/form-data\" action=\"\/fr\/wp-json\/wp\/v2\/pages\/1665\" data-token=\"b46d4f7689a529e213e65acb99a0b3b1\" data-token-time=\"1777062832\"><noscript class=\"wpforms-error-noscript\">Veuillez activer JavaScript dans votre navigateur pour remplir ce formulaire.<\/noscript><div id=\"wpforms-error-noscript\" style=\"display: none;\">Veuillez activer JavaScript dans votre navigateur pour remplir ce formulaire.<\/div><div class=\"wpforms-field-container\">\t\t<div id=\"wpforms-1084-field_8-container\"\n\t\t\tclass=\"wpforms-field wpforms-field-text\"\n\t\t\tdata-field-type=\"text\"\n\t\t\tdata-field-id=\"8\"\n\t\t\t>\n\t\t\t<label class=\"wpforms-field-label\" for=\"wpforms-1084-field_8\" >Entreprise et Pr\u00e9nom<\/label>\n\t\t\t<input type=\"text\" id=\"wpforms-1084-field_8\" class=\"wpforms-field-medium\" name=\"wpforms[fields][8]\" >\n\t\t<\/div>\n\t\t<div id=\"wpforms-1084-field_4-container\" class=\"wpforms-field wpforms-field-text\" data-field-id=\"4\"><label class=\"wpforms-field-label\" for=\"wpforms-1084-field_4\">Entreprise<\/label><input type=\"text\" id=\"wpforms-1084-field_4\" class=\"wpforms-field-medium\" name=\"wpforms[fields][4]\" aria-errormessage=\"wpforms-1084-field_4-error\" ><\/div><div id=\"wpforms-1084-field_1-container\" class=\"wpforms-field wpforms-field-name\" data-field-id=\"1\"><fieldset><legend class=\"wpforms-field-label\">Pr\u00e9nom et nom <span class=\"wpforms-required-label\" aria-hidden=\"true\">*<\/span><\/legend><div class=\"wpforms-field-row wpforms-field-medium\"><div class=\"wpforms-field-row-block wpforms-first wpforms-one-half\"><input type=\"text\" id=\"wpforms-1084-field_1\" class=\"wpforms-field-name-first wpforms-field-required\" name=\"wpforms[fields][1][first]\" aria-errormessage=\"wpforms-1084-field_1-error\" required><label for=\"wpforms-1084-field_1\" class=\"wpforms-field-sublabel after\">Vorname<\/label><\/div><div class=\"wpforms-field-row-block wpforms-one-half\"><input type=\"text\" id=\"wpforms-1084-field_1-last\" class=\"wpforms-field-name-last wpforms-field-required\" name=\"wpforms[fields][1][last]\" aria-errormessage=\"wpforms-1084-field_1-last-error\" required><label for=\"wpforms-1084-field_1-last\" class=\"wpforms-field-sublabel after\">Nom<\/label><\/div><\/div><\/fieldset><\/div><div id=\"wpforms-1084-field_5-container\" class=\"wpforms-field wpforms-field-text\" data-field-id=\"5\"><label class=\"wpforms-field-label\" for=\"wpforms-1084-field_5\">Rue et n\u00b0 <\/label><input type=\"text\" id=\"wpforms-1084-field_5\" class=\"wpforms-field-medium\" name=\"wpforms[fields][5]\" aria-errormessage=\"wpforms-1084-field_5-error\" ><\/div><div id=\"wpforms-1084-field_6-container\" class=\"wpforms-field wpforms-field-text\" data-field-id=\"6\"><label class=\"wpforms-field-label\" for=\"wpforms-1084-field_6\">CP et ville<\/label><input type=\"text\" id=\"wpforms-1084-field_6\" class=\"wpforms-field-medium\" name=\"wpforms[fields][6]\" aria-errormessage=\"wpforms-1084-field_6-error\" ><\/div><div id=\"wpforms-1084-field_2-container\" class=\"wpforms-field wpforms-field-email\" data-field-id=\"2\"><label class=\"wpforms-field-label\" for=\"wpforms-1084-field_2\">E-mail <span class=\"wpforms-required-label\" aria-hidden=\"true\">*<\/span><\/label><input type=\"email\" id=\"wpforms-1084-field_2\" class=\"wpforms-field-medium wpforms-field-required\" name=\"wpforms[fields][2]\" spellcheck=\"false\" aria-errormessage=\"wpforms-1084-field_2-error\" required><\/div><div id=\"wpforms-1084-field_7-container\" class=\"wpforms-field wpforms-field-number\" data-field-id=\"7\"><label class=\"wpforms-field-label\" for=\"wpforms-1084-field_7\">T\u00e9l\u00e9phone<\/label><input type=\"number\" id=\"wpforms-1084-field_7\" class=\"wpforms-field-medium\" name=\"wpforms[fields][7]\" step=\"any\" aria-errormessage=\"wpforms-1084-field_7-error\" ><\/div><div id=\"wpforms-1084-field_3-container\" class=\"wpforms-field wpforms-field-textarea\" data-field-id=\"3\"><label class=\"wpforms-field-label\" for=\"wpforms-1084-field_3\">Votre message<\/label><textarea id=\"wpforms-1084-field_3\" class=\"wpforms-field-medium\" name=\"wpforms[fields][3]\" aria-errormessage=\"wpforms-1084-field_3-error\" ><\/textarea><\/div><script>\n\t\t\t\t( function() {\n\t\t\t\t\tconst style = document.createElement( 'style' );\n\t\t\t\t\tstyle.appendChild( document.createTextNode( '#wpforms-1084-field_8-container { position: absolute !important; overflow: hidden !important; display: inline !important; height: 1px !important; width: 1px !important; z-index: -1000 !important; padding: 0 !important; } #wpforms-1084-field_8-container input { visibility: hidden; } #wpforms-conversational-form-page #wpforms-1084-field_8-container label { counter-increment: none; }' ) );\n\t\t\t\t\tdocument.head.appendChild( style );\n\t\t\t\t\tdocument.currentScript?.remove();\n\t\t\t\t} )();\n\t\t\t<\/script><\/div><!-- .wpforms-field-container --><div class=\"wpforms-recaptcha-container wpforms-is-recaptcha wpforms-is-recaptcha-type-v3\" ><input type=\"hidden\" name=\"wpforms[recaptcha]\" value=\"\"><\/div><div class=\"wpforms-submit-container\" ><input type=\"hidden\" name=\"wpforms[id]\" value=\"1084\"><input type=\"hidden\" name=\"page_title\" value=\"\"><input type=\"hidden\" name=\"page_url\" value=\"https:\/\/www.webaria.ch\/fr\/wp-json\/wp\/v2\/pages\/1665\"><input type=\"hidden\" name=\"url_referer\" value=\"\"><button type=\"submit\" name=\"wpforms[submit]\" id=\"wpforms-submit-1084\" class=\"wpforms-submit\" data-alt-text=\"...est envoy\u00e9...\" data-submit-text=\"Envoyer\" aria-live=\"assertive\" value=\"wpforms-submit\">Envoyer<\/button><img loading=\"lazy\" decoding=\"async\" src=\"https:\/\/www.webaria.ch\/wp-content\/plugins\/wpforms-lite\/assets\/images\/submit-spin.svg\" class=\"wpforms-submit-spinner\" style=\"display: none;\" width=\"26\" height=\"26\" alt=\"Chargement en cours\"><\/div><\/form><\/div>  <!-- .wpforms-container --><\/div><\/div>\n\n<\/div><\/div>\n\n\n<p><\/p>\n","protected":false},"excerpt":{"rendered":"<p>Adresse Webaria AGPrimelweg 56405 Immensee Contact Carte Formulaire<\/p>\n","protected":false},"author":1,"featured_media":0,"parent":0,"menu_order":100,"comment_status":"closed","ping_status":"closed","template":"","meta":{"_kad_post_transparent":"","_kad_post_title":"","_kad_post_layout":"","_kad_post_sidebar_id":"","_kad_post_content_style":"","_kad_post_vertical_padding":"","_kad_post_feature":"","_kad_post_feature_position":"","_kad_post_header":false,"_kad_post_footer":false,"_kad_post_classname":"","footnotes":""},"class_list":["post-1665","page","type-page","status-publish","hentry"],"yoast_head":"<!-- This site is optimized with the Yoast SEO plugin v27.2 - https:\/\/yoast.com\/product\/yoast-seo-wordpress\/ -->\n<title>Contact | Webaria AG Suisse \u2013 Location et achat de techniques d&#039;\u00e9limination des d\u00e9chets<\/title>\n<meta name=\"description\" content=\"Contactez Webaria AG \u00e0 Immensee \u2013 votre partenaire pour les conteneurs \u00e0 presse, les presses \u00e0 balles et les techniques de recyclage. T\u00e9l\u00e9phone 044 741 44 55 ouinfo@webaria.ch .\" \/>\n<meta name=\"robots\" content=\"index, follow, max-snippet:-1, max-image-preview:large, max-video-preview:-1\" \/>\n<link rel=\"canonical\" href=\"https:\/\/www.webaria.ch\/fr\/contact\/\" \/>\n<meta property=\"og:locale\" content=\"fr_FR\" \/>\n<meta property=\"og:type\" content=\"article\" \/>\n<meta property=\"og:title\" content=\"Contact | Webaria AG Suisse \u2013 Location et achat de techniques d&#039;\u00e9limination des d\u00e9chets\" \/>\n<meta property=\"og:description\" content=\"Contactez Webaria AG \u00e0 Immensee \u2013 votre partenaire pour les conteneurs \u00e0 presse, les presses \u00e0 balles et les techniques de recyclage. T\u00e9l\u00e9phone 044 741 44 55 ouinfo@webaria.ch .\" \/>\n<meta property=\"og:url\" content=\"https:\/\/www.webaria.ch\/fr\/contact\/\" \/>\n<meta property=\"og:site_name\" content=\"Webaria AG\" \/>\n<meta property=\"article:modified_time\" content=\"2025-12-04T14:21:05+00:00\" \/>\n<meta name=\"twitter:card\" content=\"summary_large_image\" \/>\n<meta name=\"twitter:label1\" content=\"Dur\u00e9e de lecture estim\u00e9e\" \/>\n\t<meta name=\"twitter:data1\" content=\"1 minute\" \/>\n<script type=\"application\/ld+json\" class=\"yoast-schema-graph\">{\"@context\":\"https:\/\/schema.org\",\"@graph\":[{\"@type\":\"WebPage\",\"@id\":\"https:\/\/www.webaria.ch\/fr\/contact\/\",\"url\":\"https:\/\/www.webaria.ch\/fr\/contact\/\",\"name\":\"Contact | Webaria AG Suisse \u2013 Location et achat de techniques d'\u00e9limination des d\u00e9chets\",\"isPartOf\":{\"@id\":\"https:\/\/www.webaria.ch\/fr\/#website\"},\"datePublished\":\"2025-10-03T12:32:18+00:00\",\"dateModified\":\"2025-12-04T14:21:05+00:00\",\"description\":\"Contactez Webaria AG \u00e0 Immensee \u2013 votre partenaire pour les conteneurs \u00e0 presse, les presses \u00e0 balles et les techniques de recyclage. T\u00e9l\u00e9phone 044 741 44 55 ouinfo@webaria.ch .\",\"breadcrumb\":{\"@id\":\"https:\/\/www.webaria.ch\/fr\/contact\/#breadcrumb\"},\"inLanguage\":\"fr-FR\",\"potentialAction\":[{\"@type\":\"ReadAction\",\"target\":[\"https:\/\/www.webaria.ch\/fr\/contact\/\"]}]},{\"@type\":\"BreadcrumbList\",\"@id\":\"https:\/\/www.webaria.ch\/fr\/contact\/#breadcrumb\",\"itemListElement\":[{\"@type\":\"ListItem\",\"position\":1,\"name\":\"Startseite\",\"item\":\"https:\/\/www.webaria.ch\/fr\/\"},{\"@type\":\"ListItem\",\"position\":2,\"name\":\"Contact\"}]},{\"@type\":\"WebSite\",\"@id\":\"https:\/\/www.webaria.ch\/fr\/#website\",\"url\":\"https:\/\/www.webaria.ch\/fr\/\",\"name\":\"Webaria \u2013 effiziente und zuverl\u00e4ssige Entsorgungstechnik\",\"description\":\"Ihr Partner f\u00fcr effiziente und zuverl\u00e4ssige Entsorgungstechnik\",\"publisher\":{\"@id\":\"https:\/\/www.webaria.ch\/fr\/#organization\"},\"potentialAction\":[{\"@type\":\"SearchAction\",\"target\":{\"@type\":\"EntryPoint\",\"urlTemplate\":\"https:\/\/www.webaria.ch\/fr\/?s={search_term_string}\"},\"query-input\":{\"@type\":\"PropertyValueSpecification\",\"valueRequired\":true,\"valueName\":\"search_term_string\"}}],\"inLanguage\":\"fr-FR\"},{\"@type\":\"Organization\",\"@id\":\"https:\/\/www.webaria.ch\/fr\/#organization\",\"name\":\"Webaria AG\",\"url\":\"https:\/\/www.webaria.ch\/fr\/\",\"logo\":{\"@type\":\"ImageObject\",\"inLanguage\":\"fr-FR\",\"@id\":\"https:\/\/www.webaria.ch\/fr\/#\/schema\/logo\/image\/\",\"url\":\"https:\/\/new.webaria.ch\/wp-content\/uploads\/2025\/10\/Webaria_Logo.png\",\"contentUrl\":\"https:\/\/new.webaria.ch\/wp-content\/uploads\/2025\/10\/Webaria_Logo.png\",\"width\":2500,\"height\":794,\"caption\":\"Webaria AG\"},\"image\":{\"@id\":\"https:\/\/www.webaria.ch\/fr\/#\/schema\/logo\/image\/\"}}]}<\/script>\n<!-- \/ Yoast SEO plugin. -->","yoast_head_json":{"title":"Contact | Webaria AG Suisse \u2013 Location et achat de techniques d'\u00e9limination des d\u00e9chets","description":"Contactez Webaria AG \u00e0 Immensee \u2013 votre partenaire pour les conteneurs \u00e0 presse, les presses \u00e0 balles et les techniques de recyclage. T\u00e9l\u00e9phone 044 741 44 55 ouinfo@webaria.ch .","robots":{"index":"index","follow":"follow","max-snippet":"max-snippet:-1","max-image-preview":"max-image-preview:large","max-video-preview":"max-video-preview:-1"},"canonical":"https:\/\/www.webaria.ch\/fr\/contact\/","og_locale":"fr_FR","og_type":"article","og_title":"Contact | Webaria AG Suisse \u2013 Location et achat de techniques d'\u00e9limination des d\u00e9chets","og_description":"Contactez Webaria AG \u00e0 Immensee \u2013 votre partenaire pour les conteneurs \u00e0 presse, les presses \u00e0 balles et les techniques de recyclage. T\u00e9l\u00e9phone 044 741 44 55 ouinfo@webaria.ch .","og_url":"https:\/\/www.webaria.ch\/fr\/contact\/","og_site_name":"Webaria AG","article_modified_time":"2025-12-04T14:21:05+00:00","twitter_card":"summary_large_image","twitter_misc":{"Dur\u00e9e de lecture estim\u00e9e":"1 minute"},"schema":{"@context":"https:\/\/schema.org","@graph":[{"@type":"WebPage","@id":"https:\/\/www.webaria.ch\/fr\/contact\/","url":"https:\/\/www.webaria.ch\/fr\/contact\/","name":"Contact | Webaria AG Suisse \u2013 Location et achat de techniques d'\u00e9limination des d\u00e9chets","isPartOf":{"@id":"https:\/\/www.webaria.ch\/fr\/#website"},"datePublished":"2025-10-03T12:32:18+00:00","dateModified":"2025-12-04T14:21:05+00:00","description":"Contactez Webaria AG \u00e0 Immensee \u2013 votre partenaire pour les conteneurs \u00e0 presse, les presses \u00e0 balles et les techniques de recyclage. T\u00e9l\u00e9phone 044 741 44 55 ouinfo@webaria.ch .","breadcrumb":{"@id":"https:\/\/www.webaria.ch\/fr\/contact\/#breadcrumb"},"inLanguage":"fr-FR","potentialAction":[{"@type":"ReadAction","target":["https:\/\/www.webaria.ch\/fr\/contact\/"]}]},{"@type":"BreadcrumbList","@id":"https:\/\/www.webaria.ch\/fr\/contact\/#breadcrumb","itemListElement":[{"@type":"ListItem","position":1,"name":"Startseite","item":"https:\/\/www.webaria.ch\/fr\/"},{"@type":"ListItem","position":2,"name":"Contact"}]},{"@type":"WebSite","@id":"https:\/\/www.webaria.ch\/fr\/#website","url":"https:\/\/www.webaria.ch\/fr\/","name":"Webaria \u2013 effiziente und zuverl\u00e4ssige Entsorgungstechnik","description":"Ihr Partner f\u00fcr effiziente und zuverl\u00e4ssige Entsorgungstechnik","publisher":{"@id":"https:\/\/www.webaria.ch\/fr\/#organization"},"potentialAction":[{"@type":"SearchAction","target":{"@type":"EntryPoint","urlTemplate":"https:\/\/www.webaria.ch\/fr\/?s={search_term_string}"},"query-input":{"@type":"PropertyValueSpecification","valueRequired":true,"valueName":"search_term_string"}}],"inLanguage":"fr-FR"},{"@type":"Organization","@id":"https:\/\/www.webaria.ch\/fr\/#organization","name":"Webaria AG","url":"https:\/\/www.webaria.ch\/fr\/","logo":{"@type":"ImageObject","inLanguage":"fr-FR","@id":"https:\/\/www.webaria.ch\/fr\/#\/schema\/logo\/image\/","url":"https:\/\/new.webaria.ch\/wp-content\/uploads\/2025\/10\/Webaria_Logo.png","contentUrl":"https:\/\/new.webaria.ch\/wp-content\/uploads\/2025\/10\/Webaria_Logo.png","width":2500,"height":794,"caption":"Webaria AG"},"image":{"@id":"https:\/\/www.webaria.ch\/fr\/#\/schema\/logo\/image\/"}}]}},"_links":{"self":[{"href":"https:\/\/www.webaria.ch\/fr\/wp-json\/wp\/v2\/pages\/1665","targetHints":{"allow":["GET"]}}],"collection":[{"href":"https:\/\/www.webaria.ch\/fr\/wp-json\/wp\/v2\/pages"}],"about":[{"href":"https:\/\/www.webaria.ch\/fr\/wp-json\/wp\/v2\/types\/page"}],"author":[{"embeddable":true,"href":"https:\/\/www.webaria.ch\/fr\/wp-json\/wp\/v2\/users\/1"}],"replies":[{"embeddable":true,"href":"https:\/\/www.webaria.ch\/fr\/wp-json\/wp\/v2\/comments?post=1665"}],"version-history":[{"count":3,"href":"https:\/\/www.webaria.ch\/fr\/wp-json\/wp\/v2\/pages\/1665\/revisions"}],"predecessor-version":[{"id":1708,"href":"https:\/\/www.webaria.ch\/fr\/wp-json\/wp\/v2\/pages\/1665\/revisions\/1708"}],"wp:attachment":[{"href":"https:\/\/www.webaria.ch\/fr\/wp-json\/wp\/v2\/media?parent=1665"}],"curies":[{"name":"wp","href":"https:\/\/api.w.org\/{rel}","templated":true}]}}