{"id":1622,"date":"2025-10-21T14:33:34","date_gmt":"2025-10-21T12:33:34","guid":{"rendered":"https:\/\/new.webaria.ch\/?page_id=1622"},"modified":"2025-12-02T10:47:49","modified_gmt":"2025-12-02T09:47:49","slug":"conseil-et-concepts-delimination","status":"publish","type":"page","link":"https:\/\/www.webaria.ch\/fr\/services\/conseil-et-concepts-delimination\/","title":{"rendered":"Conseil et concepts d&rsquo;\u00e9limination"},"content":{"rendered":"<style>.kb-row-layout-id1622_1d8b97-d6 > .kt-row-column-wrap{align-content:start;}:where(.kb-row-layout-id1622_1d8b97-d6 > .kt-row-column-wrap) > .wp-block-kadence-column{justify-content:start;}.kb-row-layout-id1622_1d8b97-d6 > .kt-row-column-wrap{column-gap:var(--global-kb-gap-md, 2rem);row-gap:var(--global-kb-gap-md, 2rem);padding-top:var(--global-kb-spacing-sm, 1.5rem);padding-bottom:var(--global-kb-spacing-sm, 1.5rem);grid-template-columns:repeat(2, minmax(0, 1fr));}.kb-row-layout-id1622_1d8b97-d6 > .kt-row-layout-overlay{opacity:0.30;}@media all and (max-width: 1024px){.kb-row-layout-id1622_1d8b97-d6 > .kt-row-column-wrap{grid-template-columns:repeat(2, minmax(0, 1fr));}}@media all and (max-width: 767px){.kb-row-layout-id1622_1d8b97-d6 > .kt-row-column-wrap{grid-template-columns:minmax(0, 1fr);}}<\/style><div class=\"kb-row-layout-wrap kb-row-layout-id1622_1d8b97-d6 alignnone wp-block-kadence-rowlayout\"><div class=\"kt-row-column-wrap kt-has-2-columns kt-row-layout-equal kt-tab-layout-inherit kt-mobile-layout-row kt-row-valign-top\">\n<style>.kadence-column1622_6a7b70-86 > .kt-inside-inner-col,.kadence-column1622_6a7b70-86 > .kt-inside-inner-col:before{border-top-left-radius:0px;border-top-right-radius:0px;border-bottom-right-radius:0px;border-bottom-left-radius:0px;}.kadence-column1622_6a7b70-86 > .kt-inside-inner-col{column-gap:var(--global-kb-gap-sm, 1rem);}.kadence-column1622_6a7b70-86 > .kt-inside-inner-col{flex-direction:column;}.kadence-column1622_6a7b70-86 > .kt-inside-inner-col > .aligncenter{width:100%;}.kadence-column1622_6a7b70-86 > .kt-inside-inner-col:before{opacity:0.3;}.kadence-column1622_6a7b70-86{position:relative;}@media all and (max-width: 1024px){.kadence-column1622_6a7b70-86 > .kt-inside-inner-col{flex-direction:column;justify-content:center;}}@media all and (max-width: 767px){.kadence-column1622_6a7b70-86 > .kt-inside-inner-col{flex-direction:column;justify-content:center;}}<\/style>\n<div class=\"wp-block-kadence-column kadence-column1622_6a7b70-86\"><div class=\"kt-inside-inner-col\">\n<p>Votre logistique d&rsquo;\u00e9limination des d\u00e9chets devient-elle de plus en plus complexe ? Souhaitez-vous optimiser vos processus et identifier les \u00e9conomies potentielles ? Ou \u00eates-vous confront\u00e9 \u00e0 un d\u00e9fi particulier en mati\u00e8re d&rsquo;\u00e9limination des d\u00e9chets ?<\/p>\n\n\n\n<p>Nous d\u00e9veloppons avec vous un concept d&rsquo;\u00e9limination sur mesure, de l&rsquo;analyse au conseil et \u00e0 la r\u00e9alisation, en passant par la livraison, le montage, la mise en service et la formation de vos collaborateurs. Bien entendu, nous nous chargeons \u00e9galement de la maintenance et des r\u00e9parations.<\/p>\n\n\n\n<p>Pour une gestion des d\u00e9chets professionnelle, rentable et respectueuse de l&rsquo;environnement.<\/p>\n<\/div><\/div>\n\n\n<style>.kadence-column1622_ce865f-a6 > .kt-inside-inner-col,.kadence-column1622_ce865f-a6 > .kt-inside-inner-col:before{border-top-left-radius:0px;border-top-right-radius:0px;border-bottom-right-radius:0px;border-bottom-left-radius:0px;}.kadence-column1622_ce865f-a6 > .kt-inside-inner-col{column-gap:var(--global-kb-gap-sm, 1rem);}.kadence-column1622_ce865f-a6 > .kt-inside-inner-col{flex-direction:column;}.kadence-column1622_ce865f-a6 > .kt-inside-inner-col > .aligncenter{width:100%;}.kadence-column1622_ce865f-a6 > .kt-inside-inner-col:before{opacity:0.3;}.kadence-column1622_ce865f-a6{position:relative;}@media all and (max-width: 1024px){.kadence-column1622_ce865f-a6 > .kt-inside-inner-col{flex-direction:column;justify-content:center;}}@media all and (max-width: 767px){.kadence-column1622_ce865f-a6 > .kt-inside-inner-col{flex-direction:column;justify-content:center;}}<\/style>\n<div class=\"wp-block-kadence-column kadence-column1622_ce865f-a6\"><div class=\"kt-inside-inner-col\"><style>.kb-image1622_c263d8-67 .kb-image-has-overlay:after{opacity:0.3;border-top-left-radius:10px;border-top-right-radius:10px;border-bottom-right-radius:10px;border-bottom-left-radius:10px;}.kb-image1622_c263d8-67 img.kb-img, .kb-image1622_c263d8-67 .kb-img img{border-top-left-radius:10px;border-top-right-radius:10px;border-bottom-right-radius:10px;border-bottom-left-radius:10px;}<\/style>\n<figure class=\"wp-block-kadence-image kb-image1622_c263d8-67 size-large\"><img loading=\"lazy\" decoding=\"async\" width=\"1024\" height=\"682\" src=\"https:\/\/www.webaria.ch\/wp-content\/uploads\/2025\/11\/business-2717427_1280-1024x682.jpg\" alt=\"\" class=\"kb-img wp-image-1037\" srcset=\"https:\/\/www.webaria.ch\/wp-content\/uploads\/2025\/11\/business-2717427_1280-1024x682.jpg 1024w, https:\/\/www.webaria.ch\/wp-content\/uploads\/2025\/11\/business-2717427_1280-300x200.jpg 300w, https:\/\/www.webaria.ch\/wp-content\/uploads\/2025\/11\/business-2717427_1280-768x512.jpg 768w, https:\/\/www.webaria.ch\/wp-content\/uploads\/2025\/11\/business-2717427_1280.jpg 1280w\" sizes=\"auto, (max-width: 1024px) 100vw, 1024px\" \/><\/figure>\n<\/div><\/div>\n\n<\/div><\/div>","protected":false},"excerpt":{"rendered":"<p>Votre logistique d&rsquo;\u00e9limination des d\u00e9chets devient-elle de plus en plus complexe ? Souhaitez-vous optimiser vos processus et identifier les \u00e9conomies potentielles ? Ou \u00eates-vous confront\u00e9 \u00e0 un d\u00e9fi particulier en mati\u00e8re d&rsquo;\u00e9limination des d\u00e9chets ? Nous d\u00e9veloppons avec vous un concept d&rsquo;\u00e9limination sur mesure, de l&rsquo;analyse au conseil et \u00e0 la r\u00e9alisation, en passant par&#8230;<\/p>\n","protected":false},"author":1,"featured_media":0,"parent":555,"menu_order":0,"comment_status":"closed","ping_status":"closed","template":"","meta":{"_kad_post_transparent":"","_kad_post_title":"","_kad_post_layout":"","_kad_post_sidebar_id":"","_kad_post_content_style":"","_kad_post_vertical_padding":"","_kad_post_feature":"","_kad_post_feature_position":"","_kad_post_header":false,"_kad_post_footer":false,"_kad_post_classname":"","footnotes":""},"class_list":["post-1622","page","type-page","status-publish","hentry"],"yoast_head":"<!-- This site is optimized with the Yoast SEO plugin v27.2 - https:\/\/yoast.com\/product\/yoast-seo-wordpress\/ -->\n<title>Conseil et concepts d&#039;\u00e9limination - Webaria AG<\/title>\n<meta name=\"robots\" content=\"index, follow, max-snippet:-1, max-image-preview:large, max-video-preview:-1\" \/>\n<link rel=\"canonical\" href=\"https:\/\/www.webaria.ch\/fr\/services\/conseil-et-concepts-delimination\/\" \/>\n<meta property=\"og:locale\" content=\"fr_FR\" \/>\n<meta property=\"og:type\" content=\"article\" \/>\n<meta property=\"og:title\" content=\"Conseil et concepts d&#039;\u00e9limination - Webaria AG\" \/>\n<meta property=\"og:description\" content=\"Votre logistique d&rsquo;\u00e9limination des d\u00e9chets devient-elle de plus en plus complexe ? Souhaitez-vous optimiser vos processus et identifier les \u00e9conomies potentielles ? Ou \u00eates-vous confront\u00e9 \u00e0 un d\u00e9fi particulier en mati\u00e8re d&rsquo;\u00e9limination des d\u00e9chets ? Nous d\u00e9veloppons avec vous un concept d&rsquo;\u00e9limination sur mesure, de l&rsquo;analyse au conseil et \u00e0 la r\u00e9alisation, en passant par...\" \/>\n<meta property=\"og:url\" content=\"https:\/\/www.webaria.ch\/fr\/services\/conseil-et-concepts-delimination\/\" \/>\n<meta property=\"og:site_name\" content=\"Webaria AG\" \/>\n<meta property=\"article:modified_time\" content=\"2025-12-02T09:47:49+00:00\" \/>\n<meta property=\"og:image\" content=\"https:\/\/www.webaria.ch\/wp-content\/uploads\/2025\/11\/business-2717427_1280-1024x682.jpg\" \/>\n<meta name=\"twitter:card\" content=\"summary_large_image\" \/>\n<meta name=\"twitter:label1\" content=\"Dur\u00e9e de lecture estim\u00e9e\" \/>\n\t<meta name=\"twitter:data1\" content=\"1 minute\" \/>\n<script type=\"application\/ld+json\" class=\"yoast-schema-graph\">{\"@context\":\"https:\/\/schema.org\",\"@graph\":[{\"@type\":\"WebPage\",\"@id\":\"https:\/\/www.webaria.ch\/fr\/services\/conseil-et-concepts-delimination\/\",\"url\":\"https:\/\/www.webaria.ch\/fr\/services\/conseil-et-concepts-delimination\/\",\"name\":\"Conseil et concepts d'\u00e9limination - Webaria AG\",\"isPartOf\":{\"@id\":\"https:\/\/www.webaria.ch\/fr\/#website\"},\"primaryImageOfPage\":{\"@id\":\"https:\/\/www.webaria.ch\/fr\/services\/conseil-et-concepts-delimination\/#primaryimage\"},\"image\":{\"@id\":\"https:\/\/www.webaria.ch\/fr\/services\/conseil-et-concepts-delimination\/#primaryimage\"},\"thumbnailUrl\":\"https:\/\/www.webaria.ch\/wp-content\/uploads\/2025\/11\/business-2717427_1280-1024x682.jpg\",\"datePublished\":\"2025-10-21T12:33:34+00:00\",\"dateModified\":\"2025-12-02T09:47:49+00:00\",\"breadcrumb\":{\"@id\":\"https:\/\/www.webaria.ch\/fr\/services\/conseil-et-concepts-delimination\/#breadcrumb\"},\"inLanguage\":\"fr-FR\",\"potentialAction\":[{\"@type\":\"ReadAction\",\"target\":[\"https:\/\/www.webaria.ch\/fr\/services\/conseil-et-concepts-delimination\/\"]}]},{\"@type\":\"ImageObject\",\"inLanguage\":\"fr-FR\",\"@id\":\"https:\/\/www.webaria.ch\/fr\/services\/conseil-et-concepts-delimination\/#primaryimage\",\"url\":\"https:\/\/www.webaria.ch\/wp-content\/uploads\/2025\/11\/business-2717427_1280-1024x682.jpg\",\"contentUrl\":\"https:\/\/www.webaria.ch\/wp-content\/uploads\/2025\/11\/business-2717427_1280-1024x682.jpg\"},{\"@type\":\"BreadcrumbList\",\"@id\":\"https:\/\/www.webaria.ch\/fr\/services\/conseil-et-concepts-delimination\/#breadcrumb\",\"itemListElement\":[{\"@type\":\"ListItem\",\"position\":1,\"name\":\"Startseite\",\"item\":\"https:\/\/www.webaria.ch\/fr\/\"},{\"@type\":\"ListItem\",\"position\":2,\"name\":\"Services\",\"item\":\"https:\/\/www.webaria.ch\/fr\/services\/\"},{\"@type\":\"ListItem\",\"position\":3,\"name\":\"Conseil et concepts d&#8217;\u00e9limination\"}]},{\"@type\":\"WebSite\",\"@id\":\"https:\/\/www.webaria.ch\/fr\/#website\",\"url\":\"https:\/\/www.webaria.ch\/fr\/\",\"name\":\"Webaria \u2013 effiziente und zuverl\u00e4ssige Entsorgungstechnik\",\"description\":\"Ihr Partner f\u00fcr effiziente und zuverl\u00e4ssige Entsorgungstechnik\",\"publisher\":{\"@id\":\"https:\/\/www.webaria.ch\/fr\/#organization\"},\"potentialAction\":[{\"@type\":\"SearchAction\",\"target\":{\"@type\":\"EntryPoint\",\"urlTemplate\":\"https:\/\/www.webaria.ch\/fr\/?s={search_term_string}\"},\"query-input\":{\"@type\":\"PropertyValueSpecification\",\"valueRequired\":true,\"valueName\":\"search_term_string\"}}],\"inLanguage\":\"fr-FR\"},{\"@type\":\"Organization\",\"@id\":\"https:\/\/www.webaria.ch\/fr\/#organization\",\"name\":\"Webaria AG\",\"url\":\"https:\/\/www.webaria.ch\/fr\/\",\"logo\":{\"@type\":\"ImageObject\",\"inLanguage\":\"fr-FR\",\"@id\":\"https:\/\/www.webaria.ch\/fr\/#\/schema\/logo\/image\/\",\"url\":\"https:\/\/new.webaria.ch\/wp-content\/uploads\/2025\/10\/Webaria_Logo.png\",\"contentUrl\":\"https:\/\/new.webaria.ch\/wp-content\/uploads\/2025\/10\/Webaria_Logo.png\",\"width\":2500,\"height\":794,\"caption\":\"Webaria AG\"},\"image\":{\"@id\":\"https:\/\/www.webaria.ch\/fr\/#\/schema\/logo\/image\/\"}}]}<\/script>\n<!-- \/ Yoast SEO plugin. -->","yoast_head_json":{"title":"Conseil et concepts d'\u00e9limination - Webaria AG","robots":{"index":"index","follow":"follow","max-snippet":"max-snippet:-1","max-image-preview":"max-image-preview:large","max-video-preview":"max-video-preview:-1"},"canonical":"https:\/\/www.webaria.ch\/fr\/services\/conseil-et-concepts-delimination\/","og_locale":"fr_FR","og_type":"article","og_title":"Conseil et concepts d'\u00e9limination - Webaria AG","og_description":"Votre logistique d&rsquo;\u00e9limination des d\u00e9chets devient-elle de plus en plus complexe ? Souhaitez-vous optimiser vos processus et identifier les \u00e9conomies potentielles ? Ou \u00eates-vous confront\u00e9 \u00e0 un d\u00e9fi particulier en mati\u00e8re d&rsquo;\u00e9limination des d\u00e9chets ? Nous d\u00e9veloppons avec vous un concept d&rsquo;\u00e9limination sur mesure, de l&rsquo;analyse au conseil et \u00e0 la r\u00e9alisation, en passant par...","og_url":"https:\/\/www.webaria.ch\/fr\/services\/conseil-et-concepts-delimination\/","og_site_name":"Webaria AG","article_modified_time":"2025-12-02T09:47:49+00:00","og_image":[{"url":"https:\/\/www.webaria.ch\/wp-content\/uploads\/2025\/11\/business-2717427_1280-1024x682.jpg","type":"","width":"","height":""}],"twitter_card":"summary_large_image","twitter_misc":{"Dur\u00e9e de lecture estim\u00e9e":"1 minute"},"schema":{"@context":"https:\/\/schema.org","@graph":[{"@type":"WebPage","@id":"https:\/\/www.webaria.ch\/fr\/services\/conseil-et-concepts-delimination\/","url":"https:\/\/www.webaria.ch\/fr\/services\/conseil-et-concepts-delimination\/","name":"Conseil et concepts d'\u00e9limination - Webaria AG","isPartOf":{"@id":"https:\/\/www.webaria.ch\/fr\/#website"},"primaryImageOfPage":{"@id":"https:\/\/www.webaria.ch\/fr\/services\/conseil-et-concepts-delimination\/#primaryimage"},"image":{"@id":"https:\/\/www.webaria.ch\/fr\/services\/conseil-et-concepts-delimination\/#primaryimage"},"thumbnailUrl":"https:\/\/www.webaria.ch\/wp-content\/uploads\/2025\/11\/business-2717427_1280-1024x682.jpg","datePublished":"2025-10-21T12:33:34+00:00","dateModified":"2025-12-02T09:47:49+00:00","breadcrumb":{"@id":"https:\/\/www.webaria.ch\/fr\/services\/conseil-et-concepts-delimination\/#breadcrumb"},"inLanguage":"fr-FR","potentialAction":[{"@type":"ReadAction","target":["https:\/\/www.webaria.ch\/fr\/services\/conseil-et-concepts-delimination\/"]}]},{"@type":"ImageObject","inLanguage":"fr-FR","@id":"https:\/\/www.webaria.ch\/fr\/services\/conseil-et-concepts-delimination\/#primaryimage","url":"https:\/\/www.webaria.ch\/wp-content\/uploads\/2025\/11\/business-2717427_1280-1024x682.jpg","contentUrl":"https:\/\/www.webaria.ch\/wp-content\/uploads\/2025\/11\/business-2717427_1280-1024x682.jpg"},{"@type":"BreadcrumbList","@id":"https:\/\/www.webaria.ch\/fr\/services\/conseil-et-concepts-delimination\/#breadcrumb","itemListElement":[{"@type":"ListItem","position":1,"name":"Startseite","item":"https:\/\/www.webaria.ch\/fr\/"},{"@type":"ListItem","position":2,"name":"Services","item":"https:\/\/www.webaria.ch\/fr\/services\/"},{"@type":"ListItem","position":3,"name":"Conseil et concepts d&#8217;\u00e9limination"}]},{"@type":"WebSite","@id":"https:\/\/www.webaria.ch\/fr\/#website","url":"https:\/\/www.webaria.ch\/fr\/","name":"Webaria \u2013 effiziente und zuverl\u00e4ssige Entsorgungstechnik","description":"Ihr Partner f\u00fcr effiziente und zuverl\u00e4ssige Entsorgungstechnik","publisher":{"@id":"https:\/\/www.webaria.ch\/fr\/#organization"},"potentialAction":[{"@type":"SearchAction","target":{"@type":"EntryPoint","urlTemplate":"https:\/\/www.webaria.ch\/fr\/?s={search_term_string}"},"query-input":{"@type":"PropertyValueSpecification","valueRequired":true,"valueName":"search_term_string"}}],"inLanguage":"fr-FR"},{"@type":"Organization","@id":"https:\/\/www.webaria.ch\/fr\/#organization","name":"Webaria AG","url":"https:\/\/www.webaria.ch\/fr\/","logo":{"@type":"ImageObject","inLanguage":"fr-FR","@id":"https:\/\/www.webaria.ch\/fr\/#\/schema\/logo\/image\/","url":"https:\/\/new.webaria.ch\/wp-content\/uploads\/2025\/10\/Webaria_Logo.png","contentUrl":"https:\/\/new.webaria.ch\/wp-content\/uploads\/2025\/10\/Webaria_Logo.png","width":2500,"height":794,"caption":"Webaria AG"},"image":{"@id":"https:\/\/www.webaria.ch\/fr\/#\/schema\/logo\/image\/"}}]}},"_links":{"self":[{"href":"https:\/\/www.webaria.ch\/fr\/wp-json\/wp\/v2\/pages\/1622","targetHints":{"allow":["GET"]}}],"collection":[{"href":"https:\/\/www.webaria.ch\/fr\/wp-json\/wp\/v2\/pages"}],"about":[{"href":"https:\/\/www.webaria.ch\/fr\/wp-json\/wp\/v2\/types\/page"}],"author":[{"embeddable":true,"href":"https:\/\/www.webaria.ch\/fr\/wp-json\/wp\/v2\/users\/1"}],"replies":[{"embeddable":true,"href":"https:\/\/www.webaria.ch\/fr\/wp-json\/wp\/v2\/comments?post=1622"}],"version-history":[{"count":1,"href":"https:\/\/www.webaria.ch\/fr\/wp-json\/wp\/v2\/pages\/1622\/revisions"}],"predecessor-version":[{"id":1623,"href":"https:\/\/www.webaria.ch\/fr\/wp-json\/wp\/v2\/pages\/1622\/revisions\/1623"}],"up":[{"embeddable":true,"href":"https:\/\/www.webaria.ch\/fr\/wp-json\/wp\/v2\/pages\/555"}],"wp:attachment":[{"href":"https:\/\/www.webaria.ch\/fr\/wp-json\/wp\/v2\/media?parent=1622"}],"curies":[{"name":"wp","href":"https:\/\/api.w.org\/{rel}","templated":true}]}}