{"id":1550,"date":"2025-10-21T10:16:52","date_gmt":"2025-10-21T08:16:52","guid":{"rendered":"https:\/\/new.webaria.ch\/?page_id=1550"},"modified":"2025-12-04T15:20:01","modified_gmt":"2025-12-04T14:20:01","slug":"secteurs-et-references","status":"publish","type":"page","link":"https:\/\/www.webaria.ch\/fr\/entreprise\/secteurs-et-references\/","title":{"rendered":"Secteurs et r\u00e9f\u00e9rences"},"content":{"rendered":"\n<p>Nous desservons avec succ\u00e8s un&nbsp;<strong>grand nombre de secteurs diff\u00e9rents<\/strong>. Nous vous fournirons volontiers des r\u00e9f\u00e9rences correspondantes sur demande.<\/p>\n\n\n\n<ul class=\"wp-block-list\">\n<li><strong>Stockage et logistique<\/strong><\/li>\n\n\n\n<li><strong>Industrie et centres commerciaux<\/strong><\/li>\n\n\n\n<li><strong>Supermarch\u00e9s et commerce de d\u00e9tail<\/strong><\/li>\n\n\n\n<li><strong>Emballage et vente par correspondance<\/strong><\/li>\n\n\n\n<li><strong>Institutions communales&nbsp;<\/strong>(communes, points de collecte, gares)<\/li>\n\n\n\n<li><strong>Gestion des b\u00e2timents&nbsp;<\/strong>(gestion des ressources et des biens immobiliers)<\/li>\n\n\n\n<li><strong>Domaines sp\u00e9ciaux :&nbsp;<\/strong>maisons de retraite, garages automobiles, \u00e9lectrotechnique, domotique, chauffage\/ventilation\/sanitaire<\/li>\n<\/ul>\n\n\n\n<h2 class=\"wp-block-heading\"><strong>R\u00e9f\u00e9rences<\/strong><\/h2>\n\n\n<style>.kb-image1550_c60675-a6 .kb-image-has-overlay:after{opacity:0.3;}<\/style>\n<figure class=\"wp-block-kadence-image kb-image1550_c60675-a6 size-large\"><img loading=\"lazy\" decoding=\"async\" width=\"1024\" height=\"451\" src=\"https:\/\/www.webaria.ch\/wp-content\/uploads\/2025\/11\/branchen1-1024x451.png\" alt=\"\" class=\"kb-img wp-image-1469\" srcset=\"https:\/\/www.webaria.ch\/wp-content\/uploads\/2025\/11\/branchen1-1024x451.png 1024w, https:\/\/www.webaria.ch\/wp-content\/uploads\/2025\/11\/branchen1-300x132.png 300w, https:\/\/www.webaria.ch\/wp-content\/uploads\/2025\/11\/branchen1-768x338.png 768w, https:\/\/www.webaria.ch\/wp-content\/uploads\/2025\/11\/branchen1-1536x676.png 1536w, https:\/\/www.webaria.ch\/wp-content\/uploads\/2025\/11\/branchen1.png 1797w\" sizes=\"auto, (max-width: 1024px) 100vw, 1024px\" \/><\/figure>\n","protected":false},"excerpt":{"rendered":"<p>Nous desservons avec succ\u00e8s un&nbsp;grand nombre de secteurs diff\u00e9rents. Nous vous fournirons volontiers des r\u00e9f\u00e9rences correspondantes sur demande. R\u00e9f\u00e9rences<\/p>\n","protected":false},"author":1,"featured_media":0,"parent":1520,"menu_order":0,"comment_status":"closed","ping_status":"closed","template":"","meta":{"_kad_post_transparent":"","_kad_post_title":"","_kad_post_layout":"","_kad_post_sidebar_id":"","_kad_post_content_style":"","_kad_post_vertical_padding":"","_kad_post_feature":"","_kad_post_feature_position":"","_kad_post_header":false,"_kad_post_footer":false,"_kad_post_classname":"","footnotes":""},"class_list":["post-1550","page","type-page","status-publish","hentry"],"yoast_head":"<!-- This site is optimized with the Yoast SEO plugin v27.2 - https:\/\/yoast.com\/product\/yoast-seo-wordpress\/ -->\n<title>Solutions sectorielles et r\u00e9f\u00e9rences | Webaria AG Suisse<\/title>\n<meta name=\"description\" content=\"Webaria AG \u2013 Partenaire pour le commerce de d\u00e9tail, l&#039;industrie, la logistique, les communes et les secteurs sp\u00e9cialis\u00e9s. Projets couronn\u00e9s de succ\u00e8s avec Migros, Coop, IKEA, CFF et bien d&#039;autres.\" \/>\n<meta name=\"robots\" content=\"index, follow, max-snippet:-1, max-image-preview:large, max-video-preview:-1\" \/>\n<link rel=\"canonical\" href=\"https:\/\/www.webaria.ch\/fr\/entreprise\/secteurs-et-references\/\" \/>\n<meta property=\"og:locale\" content=\"fr_FR\" \/>\n<meta property=\"og:type\" content=\"article\" \/>\n<meta property=\"og:title\" content=\"Solutions sectorielles et r\u00e9f\u00e9rences | Webaria AG Suisse\" \/>\n<meta property=\"og:description\" content=\"Webaria AG \u2013 Partenaire pour le commerce de d\u00e9tail, l&#039;industrie, la logistique, les communes et les secteurs sp\u00e9cialis\u00e9s. Projets couronn\u00e9s de succ\u00e8s avec Migros, Coop, IKEA, CFF et bien d&#039;autres.\" \/>\n<meta property=\"og:url\" content=\"https:\/\/www.webaria.ch\/fr\/entreprise\/secteurs-et-references\/\" \/>\n<meta property=\"og:site_name\" content=\"Webaria AG\" \/>\n<meta property=\"article:modified_time\" content=\"2025-12-04T14:20:01+00:00\" \/>\n<meta property=\"og:image\" content=\"https:\/\/www.webaria.ch\/wp-content\/uploads\/2025\/11\/branchen1-1024x451.png\" \/>\n<meta name=\"twitter:card\" content=\"summary_large_image\" \/>\n<meta name=\"twitter:label1\" content=\"Dur\u00e9e de lecture estim\u00e9e\" \/>\n\t<meta name=\"twitter:data1\" content=\"1 minute\" \/>\n<script type=\"application\/ld+json\" class=\"yoast-schema-graph\">{\"@context\":\"https:\/\/schema.org\",\"@graph\":[{\"@type\":\"WebPage\",\"@id\":\"https:\/\/www.webaria.ch\/fr\/entreprise\/secteurs-et-references\/\",\"url\":\"https:\/\/www.webaria.ch\/fr\/entreprise\/secteurs-et-references\/\",\"name\":\"Solutions sectorielles et r\u00e9f\u00e9rences | Webaria AG Suisse\",\"isPartOf\":{\"@id\":\"https:\/\/www.webaria.ch\/fr\/#website\"},\"primaryImageOfPage\":{\"@id\":\"https:\/\/www.webaria.ch\/fr\/entreprise\/secteurs-et-references\/#primaryimage\"},\"image\":{\"@id\":\"https:\/\/www.webaria.ch\/fr\/entreprise\/secteurs-et-references\/#primaryimage\"},\"thumbnailUrl\":\"https:\/\/www.webaria.ch\/wp-content\/uploads\/2025\/11\/branchen1-1024x451.png\",\"datePublished\":\"2025-10-21T08:16:52+00:00\",\"dateModified\":\"2025-12-04T14:20:01+00:00\",\"description\":\"Webaria AG \u2013 Partenaire pour le commerce de d\u00e9tail, l'industrie, la logistique, les communes et les secteurs sp\u00e9cialis\u00e9s. Projets couronn\u00e9s de succ\u00e8s avec Migros, Coop, IKEA, CFF et bien d'autres.\",\"breadcrumb\":{\"@id\":\"https:\/\/www.webaria.ch\/fr\/entreprise\/secteurs-et-references\/#breadcrumb\"},\"inLanguage\":\"fr-FR\",\"potentialAction\":[{\"@type\":\"ReadAction\",\"target\":[\"https:\/\/www.webaria.ch\/fr\/entreprise\/secteurs-et-references\/\"]}]},{\"@type\":\"ImageObject\",\"inLanguage\":\"fr-FR\",\"@id\":\"https:\/\/www.webaria.ch\/fr\/entreprise\/secteurs-et-references\/#primaryimage\",\"url\":\"https:\/\/www.webaria.ch\/wp-content\/uploads\/2025\/11\/branchen1-1024x451.png\",\"contentUrl\":\"https:\/\/www.webaria.ch\/wp-content\/uploads\/2025\/11\/branchen1-1024x451.png\"},{\"@type\":\"BreadcrumbList\",\"@id\":\"https:\/\/www.webaria.ch\/fr\/entreprise\/secteurs-et-references\/#breadcrumb\",\"itemListElement\":[{\"@type\":\"ListItem\",\"position\":1,\"name\":\"Startseite\",\"item\":\"https:\/\/www.webaria.ch\/fr\/\"},{\"@type\":\"ListItem\",\"position\":2,\"name\":\"Entreprise\",\"item\":\"https:\/\/www.webaria.ch\/fr\/entreprise\/\"},{\"@type\":\"ListItem\",\"position\":3,\"name\":\"Secteurs et r\u00e9f\u00e9rences\"}]},{\"@type\":\"WebSite\",\"@id\":\"https:\/\/www.webaria.ch\/fr\/#website\",\"url\":\"https:\/\/www.webaria.ch\/fr\/\",\"name\":\"Webaria \u2013 effiziente und zuverl\u00e4ssige Entsorgungstechnik\",\"description\":\"Ihr Partner f\u00fcr effiziente und zuverl\u00e4ssige Entsorgungstechnik\",\"publisher\":{\"@id\":\"https:\/\/www.webaria.ch\/fr\/#organization\"},\"potentialAction\":[{\"@type\":\"SearchAction\",\"target\":{\"@type\":\"EntryPoint\",\"urlTemplate\":\"https:\/\/www.webaria.ch\/fr\/?s={search_term_string}\"},\"query-input\":{\"@type\":\"PropertyValueSpecification\",\"valueRequired\":true,\"valueName\":\"search_term_string\"}}],\"inLanguage\":\"fr-FR\"},{\"@type\":\"Organization\",\"@id\":\"https:\/\/www.webaria.ch\/fr\/#organization\",\"name\":\"Webaria AG\",\"url\":\"https:\/\/www.webaria.ch\/fr\/\",\"logo\":{\"@type\":\"ImageObject\",\"inLanguage\":\"fr-FR\",\"@id\":\"https:\/\/www.webaria.ch\/fr\/#\/schema\/logo\/image\/\",\"url\":\"https:\/\/new.webaria.ch\/wp-content\/uploads\/2025\/10\/Webaria_Logo.png\",\"contentUrl\":\"https:\/\/new.webaria.ch\/wp-content\/uploads\/2025\/10\/Webaria_Logo.png\",\"width\":2500,\"height\":794,\"caption\":\"Webaria AG\"},\"image\":{\"@id\":\"https:\/\/www.webaria.ch\/fr\/#\/schema\/logo\/image\/\"}}]}<\/script>\n<!-- \/ Yoast SEO plugin. -->","yoast_head_json":{"title":"Solutions sectorielles et r\u00e9f\u00e9rences | Webaria AG Suisse","description":"Webaria AG \u2013 Partenaire pour le commerce de d\u00e9tail, l'industrie, la logistique, les communes et les secteurs sp\u00e9cialis\u00e9s. Projets couronn\u00e9s de succ\u00e8s avec Migros, Coop, IKEA, CFF et bien d'autres.","robots":{"index":"index","follow":"follow","max-snippet":"max-snippet:-1","max-image-preview":"max-image-preview:large","max-video-preview":"max-video-preview:-1"},"canonical":"https:\/\/www.webaria.ch\/fr\/entreprise\/secteurs-et-references\/","og_locale":"fr_FR","og_type":"article","og_title":"Solutions sectorielles et r\u00e9f\u00e9rences | Webaria AG Suisse","og_description":"Webaria AG \u2013 Partenaire pour le commerce de d\u00e9tail, l'industrie, la logistique, les communes et les secteurs sp\u00e9cialis\u00e9s. Projets couronn\u00e9s de succ\u00e8s avec Migros, Coop, IKEA, CFF et bien d'autres.","og_url":"https:\/\/www.webaria.ch\/fr\/entreprise\/secteurs-et-references\/","og_site_name":"Webaria AG","article_modified_time":"2025-12-04T14:20:01+00:00","og_image":[{"url":"https:\/\/www.webaria.ch\/wp-content\/uploads\/2025\/11\/branchen1-1024x451.png","type":"","width":"","height":""}],"twitter_card":"summary_large_image","twitter_misc":{"Dur\u00e9e de lecture estim\u00e9e":"1 minute"},"schema":{"@context":"https:\/\/schema.org","@graph":[{"@type":"WebPage","@id":"https:\/\/www.webaria.ch\/fr\/entreprise\/secteurs-et-references\/","url":"https:\/\/www.webaria.ch\/fr\/entreprise\/secteurs-et-references\/","name":"Solutions sectorielles et r\u00e9f\u00e9rences | Webaria AG Suisse","isPartOf":{"@id":"https:\/\/www.webaria.ch\/fr\/#website"},"primaryImageOfPage":{"@id":"https:\/\/www.webaria.ch\/fr\/entreprise\/secteurs-et-references\/#primaryimage"},"image":{"@id":"https:\/\/www.webaria.ch\/fr\/entreprise\/secteurs-et-references\/#primaryimage"},"thumbnailUrl":"https:\/\/www.webaria.ch\/wp-content\/uploads\/2025\/11\/branchen1-1024x451.png","datePublished":"2025-10-21T08:16:52+00:00","dateModified":"2025-12-04T14:20:01+00:00","description":"Webaria AG \u2013 Partenaire pour le commerce de d\u00e9tail, l'industrie, la logistique, les communes et les secteurs sp\u00e9cialis\u00e9s. Projets couronn\u00e9s de succ\u00e8s avec Migros, Coop, IKEA, CFF et bien d'autres.","breadcrumb":{"@id":"https:\/\/www.webaria.ch\/fr\/entreprise\/secteurs-et-references\/#breadcrumb"},"inLanguage":"fr-FR","potentialAction":[{"@type":"ReadAction","target":["https:\/\/www.webaria.ch\/fr\/entreprise\/secteurs-et-references\/"]}]},{"@type":"ImageObject","inLanguage":"fr-FR","@id":"https:\/\/www.webaria.ch\/fr\/entreprise\/secteurs-et-references\/#primaryimage","url":"https:\/\/www.webaria.ch\/wp-content\/uploads\/2025\/11\/branchen1-1024x451.png","contentUrl":"https:\/\/www.webaria.ch\/wp-content\/uploads\/2025\/11\/branchen1-1024x451.png"},{"@type":"BreadcrumbList","@id":"https:\/\/www.webaria.ch\/fr\/entreprise\/secteurs-et-references\/#breadcrumb","itemListElement":[{"@type":"ListItem","position":1,"name":"Startseite","item":"https:\/\/www.webaria.ch\/fr\/"},{"@type":"ListItem","position":2,"name":"Entreprise","item":"https:\/\/www.webaria.ch\/fr\/entreprise\/"},{"@type":"ListItem","position":3,"name":"Secteurs et r\u00e9f\u00e9rences"}]},{"@type":"WebSite","@id":"https:\/\/www.webaria.ch\/fr\/#website","url":"https:\/\/www.webaria.ch\/fr\/","name":"Webaria \u2013 effiziente und zuverl\u00e4ssige Entsorgungstechnik","description":"Ihr Partner f\u00fcr effiziente und zuverl\u00e4ssige Entsorgungstechnik","publisher":{"@id":"https:\/\/www.webaria.ch\/fr\/#organization"},"potentialAction":[{"@type":"SearchAction","target":{"@type":"EntryPoint","urlTemplate":"https:\/\/www.webaria.ch\/fr\/?s={search_term_string}"},"query-input":{"@type":"PropertyValueSpecification","valueRequired":true,"valueName":"search_term_string"}}],"inLanguage":"fr-FR"},{"@type":"Organization","@id":"https:\/\/www.webaria.ch\/fr\/#organization","name":"Webaria AG","url":"https:\/\/www.webaria.ch\/fr\/","logo":{"@type":"ImageObject","inLanguage":"fr-FR","@id":"https:\/\/www.webaria.ch\/fr\/#\/schema\/logo\/image\/","url":"https:\/\/new.webaria.ch\/wp-content\/uploads\/2025\/10\/Webaria_Logo.png","contentUrl":"https:\/\/new.webaria.ch\/wp-content\/uploads\/2025\/10\/Webaria_Logo.png","width":2500,"height":794,"caption":"Webaria AG"},"image":{"@id":"https:\/\/www.webaria.ch\/fr\/#\/schema\/logo\/image\/"}}]}},"_links":{"self":[{"href":"https:\/\/www.webaria.ch\/fr\/wp-json\/wp\/v2\/pages\/1550","targetHints":{"allow":["GET"]}}],"collection":[{"href":"https:\/\/www.webaria.ch\/fr\/wp-json\/wp\/v2\/pages"}],"about":[{"href":"https:\/\/www.webaria.ch\/fr\/wp-json\/wp\/v2\/types\/page"}],"author":[{"embeddable":true,"href":"https:\/\/www.webaria.ch\/fr\/wp-json\/wp\/v2\/users\/1"}],"replies":[{"embeddable":true,"href":"https:\/\/www.webaria.ch\/fr\/wp-json\/wp\/v2\/comments?post=1550"}],"version-history":[{"count":2,"href":"https:\/\/www.webaria.ch\/fr\/wp-json\/wp\/v2\/pages\/1550\/revisions"}],"predecessor-version":[{"id":1870,"href":"https:\/\/www.webaria.ch\/fr\/wp-json\/wp\/v2\/pages\/1550\/revisions\/1870"}],"up":[{"embeddable":true,"href":"https:\/\/www.webaria.ch\/fr\/wp-json\/wp\/v2\/pages\/1520"}],"wp:attachment":[{"href":"https:\/\/www.webaria.ch\/fr\/wp-json\/wp\/v2\/media?parent=1550"}],"curies":[{"name":"wp","href":"https:\/\/api.w.org\/{rel}","templated":true}]}}