{"id":1533,"date":"2025-10-07T11:29:04","date_gmt":"2025-10-07T09:29:04","guid":{"rendered":"https:\/\/new.webaria.ch\/?page_id=1533"},"modified":"2025-12-04T15:20:33","modified_gmt":"2025-12-04T14:20:33","slug":"nos-partenaires-une-qualite-qui-porte-ses-fruits","status":"publish","type":"page","link":"https:\/\/www.webaria.ch\/fr\/entreprise\/nos-partenaires-une-qualite-qui-porte-ses-fruits\/","title":{"rendered":"Nos partenaires \u2013 une qualit\u00e9 qui porte ses fruits"},"content":{"rendered":"\n<p>Nos exigences \u00e9lev\u00e9es en mati\u00e8re de qualit\u00e9 guident le choix de nos partenaires. Nous travaillons exclusivement avec des fabricants qui garantissent\u00a0<strong>une fiabilit\u00e9 \u00e0 long terme\u00a0<\/strong>et une\u00a0<strong>utilisation durable\u00a0<\/strong>des machines.<\/p>\n\n\n<style>.wp-block-kadence-iconlist.kt-svg-icon-list-items1533_586c63-fb:not(.this-stops-third-party-issues){margin-top:0px;margin-bottom:0px;}.wp-block-kadence-iconlist.kt-svg-icon-list-items1533_586c63-fb ul.kt-svg-icon-list:not(.this-prevents-issues):not(.this-stops-third-party-issues):not(.tijsloc){margin-top:0px;margin-right:0px;margin-bottom:var(--global-kb-spacing-sm, 1.5rem);margin-left:0px;}.wp-block-kadence-iconlist.kt-svg-icon-list-items1533_586c63-fb ul.kt-svg-icon-list{grid-row-gap:30px;}.wp-block-kadence-iconlist.kt-svg-icon-list-items1533_586c63-fb ul.kt-svg-icon-list .kt-svg-icon-list-item-wrap .kt-svg-icon-list-single{margin-right:10px;}.kt-svg-icon-list-items1533_586c63-fb ul.kt-svg-icon-list .kt-svg-icon-list-level-0 .kt-svg-icon-list-single svg{font-size:20px;}.wp-block-kadence-iconlist.kt-svg-icon-list-items1533_586c63-fb .wp-block-kadence-listitem a{text-decoration:none;}.wp-block-kadence-iconlist.kt-svg-icon-list-items1533_586c63-fb .wp-block-kadence-listitem a:hover{text-decoration:underline;}.wp-block-kadence-iconlist.kt-svg-icon-list-items1533_586c63-fb ul.kt-svg-icon-list .wp-block-kadence-listitem a{color:var(--global-palette3, #1A202C);}<\/style>\n<div class=\"wp-block-kadence-iconlist kt-svg-icon-list-items kt-svg-icon-list-items1533_586c63-fb kt-svg-icon-list-columns-1 alignnone kt-list-icon-aligntop\"><ul class=\"kt-svg-icon-list\"><style>.kt-svg-icon-list-item-1533_33a9e0-b5 .kt-svg-icon-list-text mark.kt-highlight{background-color:unset;font-style:normal;color:#f76a0c;-webkit-box-decoration-break:clone;box-decoration-break:clone;padding-top:0px;padding-right:0px;padding-bottom:0px;padding-left:0px;}<\/style>\n<li class=\"wp-block-kadence-listitem kt-svg-icon-list-item-wrap kt-svg-icon-list-item-1533_33a9e0-b5\"><a href=\"https:\/\/www.avermann.de\/de\/\" class=\"kt-svg-icon-link\" target=\"_blank\" rel=\"noopener noreferrer\"><span class=\"kb-svg-icon-wrap kb-svg-icon-fe_arrowRight kt-svg-icon-list-single\"><svg viewBox=\"0 0 24 24\"  fill=\"none\" stroke=\"currentColor\" stroke-width=\"2\" stroke-linecap=\"round\" stroke-linejoin=\"round\" xmlns=\"http:\/\/www.w3.org\/2000\/svg\"  aria-hidden=\"true\"><line x1=\"5\" y1=\"12\" x2=\"19\" y2=\"12\"\/><polyline points=\"12 5 19 12 12 19\"\/><\/svg><\/span><span class=\"kt-svg-icon-list-text\"><strong>Avermann (importateur g\u00e9n\u00e9ral depuis 1986) :\u00a0<\/strong>la soci\u00e9t\u00e9 nord-allemande Avermann Maschinenfabrik\u00a0\u00a0fournit des produits de qualit\u00e9, bas\u00e9s sur une construction m\u00e9tallique solide, con\u00e7us pour\u00a0<strong>durer sur le long terme\u00a0<\/strong>et\u00a0<strong>fonctionner de mani\u00e8re simple et s\u00fbre<\/strong>.<\/span><\/a><\/li>\n\n\n<style>.kt-svg-icon-list-item-1533_ce0523-d2 .kt-svg-icon-list-text mark.kt-highlight{background-color:unset;font-style:normal;color:#f76a0c;-webkit-box-decoration-break:clone;box-decoration-break:clone;padding-top:0px;padding-right:0px;padding-bottom:0px;padding-left:0px;}<\/style>\n<li class=\"wp-block-kadence-listitem kt-svg-icon-list-item-wrap kt-svg-icon-list-item-1533_ce0523-d2\"><span class=\"kb-svg-icon-wrap kb-svg-icon-fe_arrowRight kt-svg-icon-list-single\"><svg viewBox=\"0 0 24 24\"  fill=\"none\" stroke=\"currentColor\" stroke-width=\"2\" stroke-linecap=\"round\" stroke-linejoin=\"round\" xmlns=\"http:\/\/www.w3.org\/2000\/svg\"  aria-hidden=\"true\"><line x1=\"5\" y1=\"12\" x2=\"19\" y2=\"12\"\/><polyline points=\"12 5 19 12 12 19\"\/><\/svg><\/span><span class=\"kt-svg-icon-list-text\"><strong>Zentex (partenaire depuis 2014) :\u00a0<\/strong>conteneurs \u00e0 presse provenant de l&rsquo;usine polonaise de Kalisz, qui s\u00e9duisent par leur\u00a0<strong>rapport qualit\u00e9-prix optimal<\/strong>.<\/span><\/li>\n\n\n<style>.kt-svg-icon-list-item-1533_ae7412-dd .kt-svg-icon-list-text mark.kt-highlight{background-color:unset;font-style:normal;color:#f76a0c;-webkit-box-decoration-break:clone;box-decoration-break:clone;padding-top:0px;padding-right:0px;padding-bottom:0px;padding-left:0px;}<\/style>\n<li class=\"wp-block-kadence-listitem kt-svg-icon-list-item-wrap kt-svg-icon-list-item-1533_ae7412-dd\"><span class=\"kb-svg-icon-wrap kb-svg-icon-fe_arrowRight kt-svg-icon-list-single\"><svg viewBox=\"0 0 24 24\"  fill=\"none\" stroke=\"currentColor\" stroke-width=\"2\" stroke-linecap=\"round\" stroke-linejoin=\"round\" xmlns=\"http:\/\/www.w3.org\/2000\/svg\"  aria-hidden=\"true\"><line x1=\"5\" y1=\"12\" x2=\"19\" y2=\"12\"\/><polyline points=\"12 5 19 12 12 19\"\/><\/svg><\/span><span class=\"kt-svg-icon-list-text\"><strong>Austropressen (50 ans d&rsquo;exp\u00e9rience) :\u00a0<\/strong>d\u00e9veloppement et fabrication de presses \u00e0 balles en Autriche, r\u00e9put\u00e9es pour\u00a0<strong>leur efficacit\u00e9 maximale\u00a0<\/strong>et\u00a0<strong>leur longue dur\u00e9e de vie<\/strong>.<\/span><\/li>\n\n\n<style>.kt-svg-icon-list-item-1533_137e22-936 .kt-svg-icon-list-text mark.kt-highlight{background-color:unset;font-style:normal;color:#f76a0c;-webkit-box-decoration-break:clone;box-decoration-break:clone;padding-top:0px;padding-right:0px;padding-bottom:0px;padding-left:0px;}<\/style>\n<li class=\"wp-block-kadence-listitem kt-svg-icon-list-item-wrap kt-svg-icon-list-item-1533_137e22-936\"><span class=\"kb-svg-icon-wrap kb-svg-icon-fe_arrowRight kt-svg-icon-list-single\"><svg viewBox=\"0 0 24 24\"  fill=\"none\" stroke=\"currentColor\" stroke-width=\"2\" stroke-linecap=\"round\" stroke-linejoin=\"round\" xmlns=\"http:\/\/www.w3.org\/2000\/svg\"  aria-hidden=\"true\"><line x1=\"5\" y1=\"12\" x2=\"19\" y2=\"12\"\/><polyline points=\"12 5 19 12 12 19\"\/><\/svg><\/span><span class=\"kt-svg-icon-list-text\"><strong>Wagner (importateur suisse) :\u00a0<\/strong>la technologie Wagner a fait ses preuves depuis plus de 25 ans dans le monde entier pour\u00a0<strong>le broyage de mat\u00e9riaux recyclables<\/strong>.<\/span><\/li>\n<\/ul><\/div>\n","protected":false},"excerpt":{"rendered":"<p>Nos exigences \u00e9lev\u00e9es en mati\u00e8re de qualit\u00e9 guident le choix de nos partenaires. Nous travaillons exclusivement avec des fabricants qui garantissent\u00a0une fiabilit\u00e9 \u00e0 long terme\u00a0et une\u00a0utilisation durable\u00a0des machines.<\/p>\n","protected":false},"author":1,"featured_media":0,"parent":1520,"menu_order":0,"comment_status":"closed","ping_status":"closed","template":"","meta":{"_kad_post_transparent":"","_kad_post_title":"","_kad_post_layout":"","_kad_post_sidebar_id":"","_kad_post_content_style":"","_kad_post_vertical_padding":"","_kad_post_feature":"","_kad_post_feature_position":"","_kad_post_header":false,"_kad_post_footer":false,"_kad_post_classname":"","footnotes":""},"class_list":["post-1533","page","type-page","status-publish","hentry"],"yoast_head":"<!-- This site is optimized with the Yoast SEO plugin v27.2 - https:\/\/yoast.com\/product\/yoast-seo-wordpress\/ -->\n<title>Nos partenaires \u2013 Qualit\u00e9 et fiabilit\u00e9 | Webaria AG Suisse<\/title>\n<meta name=\"description\" content=\"Collaboration avec Avermann, Austropressen, Wagner, Zentex et IDL Systems. Partenariats \u00e0 long terme pour une qualit\u00e9 et une s\u00e9curit\u00e9 de fonctionnement maximales.\" \/>\n<meta name=\"robots\" content=\"index, follow, max-snippet:-1, max-image-preview:large, max-video-preview:-1\" \/>\n<link rel=\"canonical\" href=\"https:\/\/www.webaria.ch\/fr\/entreprise\/nos-partenaires-une-qualite-qui-porte-ses-fruits\/\" \/>\n<meta property=\"og:locale\" content=\"fr_FR\" \/>\n<meta property=\"og:type\" content=\"article\" \/>\n<meta property=\"og:title\" content=\"Nos partenaires \u2013 Qualit\u00e9 et fiabilit\u00e9 | Webaria AG Suisse\" \/>\n<meta property=\"og:description\" content=\"Collaboration avec Avermann, Austropressen, Wagner, Zentex et IDL Systems. Partenariats \u00e0 long terme pour une qualit\u00e9 et une s\u00e9curit\u00e9 de fonctionnement maximales.\" \/>\n<meta property=\"og:url\" content=\"https:\/\/www.webaria.ch\/fr\/entreprise\/nos-partenaires-une-qualite-qui-porte-ses-fruits\/\" \/>\n<meta property=\"og:site_name\" content=\"Webaria AG\" \/>\n<meta property=\"article:modified_time\" content=\"2025-12-04T14:20:33+00:00\" \/>\n<meta name=\"twitter:card\" content=\"summary_large_image\" \/>\n<meta name=\"twitter:label1\" content=\"Dur\u00e9e de lecture estim\u00e9e\" \/>\n\t<meta name=\"twitter:data1\" content=\"1 minute\" \/>\n<script type=\"application\/ld+json\" class=\"yoast-schema-graph\">{\"@context\":\"https:\/\/schema.org\",\"@graph\":[{\"@type\":\"WebPage\",\"@id\":\"https:\/\/www.webaria.ch\/fr\/entreprise\/nos-partenaires-une-qualite-qui-porte-ses-fruits\/\",\"url\":\"https:\/\/www.webaria.ch\/fr\/entreprise\/nos-partenaires-une-qualite-qui-porte-ses-fruits\/\",\"name\":\"Nos partenaires \u2013 Qualit\u00e9 et fiabilit\u00e9 | Webaria AG Suisse\",\"isPartOf\":{\"@id\":\"https:\/\/www.webaria.ch\/fr\/#website\"},\"datePublished\":\"2025-10-07T09:29:04+00:00\",\"dateModified\":\"2025-12-04T14:20:33+00:00\",\"description\":\"Collaboration avec Avermann, Austropressen, Wagner, Zentex et IDL Systems. Partenariats \u00e0 long terme pour une qualit\u00e9 et une s\u00e9curit\u00e9 de fonctionnement maximales.\",\"breadcrumb\":{\"@id\":\"https:\/\/www.webaria.ch\/fr\/entreprise\/nos-partenaires-une-qualite-qui-porte-ses-fruits\/#breadcrumb\"},\"inLanguage\":\"fr-FR\",\"potentialAction\":[{\"@type\":\"ReadAction\",\"target\":[\"https:\/\/www.webaria.ch\/fr\/entreprise\/nos-partenaires-une-qualite-qui-porte-ses-fruits\/\"]}]},{\"@type\":\"BreadcrumbList\",\"@id\":\"https:\/\/www.webaria.ch\/fr\/entreprise\/nos-partenaires-une-qualite-qui-porte-ses-fruits\/#breadcrumb\",\"itemListElement\":[{\"@type\":\"ListItem\",\"position\":1,\"name\":\"Startseite\",\"item\":\"https:\/\/www.webaria.ch\/fr\/\"},{\"@type\":\"ListItem\",\"position\":2,\"name\":\"Entreprise\",\"item\":\"https:\/\/www.webaria.ch\/fr\/entreprise\/\"},{\"@type\":\"ListItem\",\"position\":3,\"name\":\"Nos partenaires \u2013 une qualit\u00e9 qui porte ses fruits\"}]},{\"@type\":\"WebSite\",\"@id\":\"https:\/\/www.webaria.ch\/fr\/#website\",\"url\":\"https:\/\/www.webaria.ch\/fr\/\",\"name\":\"Webaria \u2013 effiziente und zuverl\u00e4ssige Entsorgungstechnik\",\"description\":\"Ihr Partner f\u00fcr effiziente und zuverl\u00e4ssige Entsorgungstechnik\",\"publisher\":{\"@id\":\"https:\/\/www.webaria.ch\/fr\/#organization\"},\"potentialAction\":[{\"@type\":\"SearchAction\",\"target\":{\"@type\":\"EntryPoint\",\"urlTemplate\":\"https:\/\/www.webaria.ch\/fr\/?s={search_term_string}\"},\"query-input\":{\"@type\":\"PropertyValueSpecification\",\"valueRequired\":true,\"valueName\":\"search_term_string\"}}],\"inLanguage\":\"fr-FR\"},{\"@type\":\"Organization\",\"@id\":\"https:\/\/www.webaria.ch\/fr\/#organization\",\"name\":\"Webaria AG\",\"url\":\"https:\/\/www.webaria.ch\/fr\/\",\"logo\":{\"@type\":\"ImageObject\",\"inLanguage\":\"fr-FR\",\"@id\":\"https:\/\/www.webaria.ch\/fr\/#\/schema\/logo\/image\/\",\"url\":\"https:\/\/new.webaria.ch\/wp-content\/uploads\/2025\/10\/Webaria_Logo.png\",\"contentUrl\":\"https:\/\/new.webaria.ch\/wp-content\/uploads\/2025\/10\/Webaria_Logo.png\",\"width\":2500,\"height\":794,\"caption\":\"Webaria AG\"},\"image\":{\"@id\":\"https:\/\/www.webaria.ch\/fr\/#\/schema\/logo\/image\/\"}}]}<\/script>\n<!-- \/ Yoast SEO plugin. -->","yoast_head_json":{"title":"Nos partenaires \u2013 Qualit\u00e9 et fiabilit\u00e9 | Webaria AG Suisse","description":"Collaboration avec Avermann, Austropressen, Wagner, Zentex et IDL Systems. Partenariats \u00e0 long terme pour une qualit\u00e9 et une s\u00e9curit\u00e9 de fonctionnement maximales.","robots":{"index":"index","follow":"follow","max-snippet":"max-snippet:-1","max-image-preview":"max-image-preview:large","max-video-preview":"max-video-preview:-1"},"canonical":"https:\/\/www.webaria.ch\/fr\/entreprise\/nos-partenaires-une-qualite-qui-porte-ses-fruits\/","og_locale":"fr_FR","og_type":"article","og_title":"Nos partenaires \u2013 Qualit\u00e9 et fiabilit\u00e9 | Webaria AG Suisse","og_description":"Collaboration avec Avermann, Austropressen, Wagner, Zentex et IDL Systems. Partenariats \u00e0 long terme pour une qualit\u00e9 et une s\u00e9curit\u00e9 de fonctionnement maximales.","og_url":"https:\/\/www.webaria.ch\/fr\/entreprise\/nos-partenaires-une-qualite-qui-porte-ses-fruits\/","og_site_name":"Webaria AG","article_modified_time":"2025-12-04T14:20:33+00:00","twitter_card":"summary_large_image","twitter_misc":{"Dur\u00e9e de lecture estim\u00e9e":"1 minute"},"schema":{"@context":"https:\/\/schema.org","@graph":[{"@type":"WebPage","@id":"https:\/\/www.webaria.ch\/fr\/entreprise\/nos-partenaires-une-qualite-qui-porte-ses-fruits\/","url":"https:\/\/www.webaria.ch\/fr\/entreprise\/nos-partenaires-une-qualite-qui-porte-ses-fruits\/","name":"Nos partenaires \u2013 Qualit\u00e9 et fiabilit\u00e9 | Webaria AG Suisse","isPartOf":{"@id":"https:\/\/www.webaria.ch\/fr\/#website"},"datePublished":"2025-10-07T09:29:04+00:00","dateModified":"2025-12-04T14:20:33+00:00","description":"Collaboration avec Avermann, Austropressen, Wagner, Zentex et IDL Systems. Partenariats \u00e0 long terme pour une qualit\u00e9 et une s\u00e9curit\u00e9 de fonctionnement maximales.","breadcrumb":{"@id":"https:\/\/www.webaria.ch\/fr\/entreprise\/nos-partenaires-une-qualite-qui-porte-ses-fruits\/#breadcrumb"},"inLanguage":"fr-FR","potentialAction":[{"@type":"ReadAction","target":["https:\/\/www.webaria.ch\/fr\/entreprise\/nos-partenaires-une-qualite-qui-porte-ses-fruits\/"]}]},{"@type":"BreadcrumbList","@id":"https:\/\/www.webaria.ch\/fr\/entreprise\/nos-partenaires-une-qualite-qui-porte-ses-fruits\/#breadcrumb","itemListElement":[{"@type":"ListItem","position":1,"name":"Startseite","item":"https:\/\/www.webaria.ch\/fr\/"},{"@type":"ListItem","position":2,"name":"Entreprise","item":"https:\/\/www.webaria.ch\/fr\/entreprise\/"},{"@type":"ListItem","position":3,"name":"Nos partenaires \u2013 une qualit\u00e9 qui porte ses fruits"}]},{"@type":"WebSite","@id":"https:\/\/www.webaria.ch\/fr\/#website","url":"https:\/\/www.webaria.ch\/fr\/","name":"Webaria \u2013 effiziente und zuverl\u00e4ssige Entsorgungstechnik","description":"Ihr Partner f\u00fcr effiziente und zuverl\u00e4ssige Entsorgungstechnik","publisher":{"@id":"https:\/\/www.webaria.ch\/fr\/#organization"},"potentialAction":[{"@type":"SearchAction","target":{"@type":"EntryPoint","urlTemplate":"https:\/\/www.webaria.ch\/fr\/?s={search_term_string}"},"query-input":{"@type":"PropertyValueSpecification","valueRequired":true,"valueName":"search_term_string"}}],"inLanguage":"fr-FR"},{"@type":"Organization","@id":"https:\/\/www.webaria.ch\/fr\/#organization","name":"Webaria AG","url":"https:\/\/www.webaria.ch\/fr\/","logo":{"@type":"ImageObject","inLanguage":"fr-FR","@id":"https:\/\/www.webaria.ch\/fr\/#\/schema\/logo\/image\/","url":"https:\/\/new.webaria.ch\/wp-content\/uploads\/2025\/10\/Webaria_Logo.png","contentUrl":"https:\/\/new.webaria.ch\/wp-content\/uploads\/2025\/10\/Webaria_Logo.png","width":2500,"height":794,"caption":"Webaria AG"},"image":{"@id":"https:\/\/www.webaria.ch\/fr\/#\/schema\/logo\/image\/"}}]}},"_links":{"self":[{"href":"https:\/\/www.webaria.ch\/fr\/wp-json\/wp\/v2\/pages\/1533","targetHints":{"allow":["GET"]}}],"collection":[{"href":"https:\/\/www.webaria.ch\/fr\/wp-json\/wp\/v2\/pages"}],"about":[{"href":"https:\/\/www.webaria.ch\/fr\/wp-json\/wp\/v2\/types\/page"}],"author":[{"embeddable":true,"href":"https:\/\/www.webaria.ch\/fr\/wp-json\/wp\/v2\/users\/1"}],"replies":[{"embeddable":true,"href":"https:\/\/www.webaria.ch\/fr\/wp-json\/wp\/v2\/comments?post=1533"}],"version-history":[{"count":1,"href":"https:\/\/www.webaria.ch\/fr\/wp-json\/wp\/v2\/pages\/1533\/revisions"}],"predecessor-version":[{"id":1534,"href":"https:\/\/www.webaria.ch\/fr\/wp-json\/wp\/v2\/pages\/1533\/revisions\/1534"}],"up":[{"embeddable":true,"href":"https:\/\/www.webaria.ch\/fr\/wp-json\/wp\/v2\/pages\/1520"}],"wp:attachment":[{"href":"https:\/\/www.webaria.ch\/fr\/wp-json\/wp\/v2\/media?parent=1533"}],"curies":[{"name":"wp","href":"https:\/\/api.w.org\/{rel}","templated":true}]}}